{"id":797,"date":"2014-08-24T17:28:24","date_gmt":"2014-08-24T15:28:24","guid":{"rendered":"http:\/\/www.shamaretreats.com\/es\/contact\/"},"modified":"2025-12-22T15:26:41","modified_gmt":"2025-12-22T14:26:41","slug":"contacto","status":"publish","type":"page","link":"https:\/\/www.shamaretreats.com\/es\/contacto\/","title":{"rendered":"Contacto"},"content":{"rendered":"<div id='av-layout-grid-1'  class='av-layout-grid-container av-36t1yt-ba68594a2db0631174c8424af0fa8293 entry-content-wrapper main_color av-flex-cells  avia-builder-el-0  avia-builder-el-no-sibling   container_wrap sidebar_right'  >\n\n<style type=\"text\/css\" data-created_by=\"avia_inline_auto\" id=\"style-css-av-2zuk7x-e86841115adbd951c69eac33e012c48d\">\n.flex_cell.av-2zuk7x-e86841115adbd951c69eac33e012c48d{\nvertical-align:top;\n}\n.responsive #top #wrap_all .flex_cell.av-2zuk7x-e86841115adbd951c69eac33e012c48d{\npadding:0px 0px 0px 0px !important;\n}\n<\/style>\n<div class='flex_cell av-2zuk7x-e86841115adbd951c69eac33e012c48d av-gridrow-cell av_one_half no_margin  avia-builder-el-1  el_before_av_cell_one_half  avia-builder-el-first  content-align-top av-zero-padding'  ><div class='flex_cell_inner'>\n<style type=\"text\/css\" data-created_by=\"avia_inline_auto\" id=\"style-css-av-2ycc25-a26da2b40471f0b3f803cd9033d2ca6e\">\n.avia-image-container.av-2ycc25-a26da2b40471f0b3f803cd9033d2ca6e img.avia_image{\nbox-shadow:none;\n}\n.avia-image-container.av-2ycc25-a26da2b40471f0b3f803cd9033d2ca6e .av-image-caption-overlay-center{\ncolor:#ffffff;\n}\n<\/style>\n<div  class='avia-image-container av-2ycc25-a26da2b40471f0b3f803cd9033d2ca6e av-styling- avia-align-center  avia-builder-el-2  avia-builder-el-no-sibling '   itemprop=\"image\" itemscope=\"itemscope\" itemtype=\"https:\/\/schema.org\/ImageObject\" ><div class=\"avia-image-container-inner\"><div class=\"avia-image-overlay-wrap\"><img fetchpriority=\"high\" fetchpriority=\"high\" decoding=\"async\" fetchpriority=\"high\" class='wp-image-7906 avia-img-lazy-loading-not-7906 avia_image ' src=\"https:\/\/www.shamaretreats.com\/wp-content\/uploads\/2021\/11\/IMG-20210928-WA0072-845x684.jpg\" alt='' title=''  height=\"684\" width=\"845\"  itemprop=\"thumbnailUrl\" srcset=\"https:\/\/www.shamaretreats.com\/wp-content\/uploads\/2021\/11\/IMG-20210928-WA0072-845x684.jpg 845w, https:\/\/www.shamaretreats.com\/wp-content\/uploads\/2021\/11\/IMG-20210928-WA0072-495x400.jpg 495w\" sizes=\"(max-width: 845px) 100vw, 845px\" \/><\/div><\/div><\/div>\n<\/div><\/div>\n<style type=\"text\/css\" data-created_by=\"avia_inline_auto\" id=\"style-css-av-2ru0vh-b73dc3f418b186c6950e09295433d859\">\n.flex_cell.av-2ru0vh-b73dc3f418b186c6950e09295433d859{\nvertical-align:middle;\n}\n.responsive #top #wrap_all .flex_cell.av-2ru0vh-b73dc3f418b186c6950e09295433d859{\npadding:50px 50px 50px 50px !important;\n}\n<\/style>\n<div class='flex_cell av-2ru0vh-b73dc3f418b186c6950e09295433d859 av-gridrow-cell av_one_half no_margin  avia-builder-el-3  el_after_av_cell_one_half  avia-builder-el-last  content-align-middle'  ><div class='flex_cell_inner'><p>\n<style type=\"text\/css\" data-created_by=\"avia_inline_auto\" id=\"style-css-av-2kaydx-2ae892ea7acda110f15e11e4f5c0b96a\">\n#top .av-special-heading.av-2kaydx-2ae892ea7acda110f15e11e4f5c0b96a{\npadding-bottom:10px;\nfont-size:20px;\n}\nbody .av-special-heading.av-2kaydx-2ae892ea7acda110f15e11e4f5c0b96a .av-special-heading-tag .heading-char{\nfont-size:25px;\n}\n#top #wrap_all .av-special-heading.av-2kaydx-2ae892ea7acda110f15e11e4f5c0b96a .av-special-heading-tag{\nfont-size:20px;\n}\n.av-special-heading.av-2kaydx-2ae892ea7acda110f15e11e4f5c0b96a .av-subheading{\nfont-size:15px;\n}\n\n@media only screen and (min-width: 480px) and (max-width: 767px){ \n#top #wrap_all .av-special-heading.av-2kaydx-2ae892ea7acda110f15e11e4f5c0b96a .av-special-heading-tag{\nfont-size:0.8em;\n}\n}\n\n@media only screen and (max-width: 479px){ \n#top #wrap_all .av-special-heading.av-2kaydx-2ae892ea7acda110f15e11e4f5c0b96a .av-special-heading-tag{\nfont-size:0.8em;\n}\n}\n<\/style>\n<div  class='av-special-heading av-2kaydx-2ae892ea7acda110f15e11e4f5c0b96a av-special-heading-h5 blockquote modern-quote  avia-builder-el-4  el_before_av_one_full  avia-builder-el-first  av-inherit-size'><h5 class='av-special-heading-tag '  itemprop=\"headline\"  >Nos encanta hablar de lo que hacemos! Te animamos a que te pongas en contacto con nosotros para resolver tus dudas o simplemente para conocernos mejor, antes de participar en algunas de nuestras clases, talleres o retiros.<\/h5><div class=\"special-heading-border\"><div class=\"special-heading-inner-border\"><\/div><\/div><\/div><br \/>\n\n<style type=\"text\/css\" data-created_by=\"avia_inline_auto\" id=\"style-css-av-2h8f7x-de3a332490cce43e98a74dfc987f0f44\">\n#top .flex_column.av-2h8f7x-de3a332490cce43e98a74dfc987f0f44{\nmargin-top:0px;\nmargin-bottom:20px;\n}\n.flex_column.av-2h8f7x-de3a332490cce43e98a74dfc987f0f44{\nborder-radius:0px 0px 0px 0px;\npadding:0px 0px 0px 0px;\n}\n.responsive #top #wrap_all .flex_column.av-2h8f7x-de3a332490cce43e98a74dfc987f0f44{\nmargin-top:0px;\nmargin-bottom:20px;\n}\n<\/style>\n<div  class='flex_column av-2h8f7x-de3a332490cce43e98a74dfc987f0f44 av_one_full  avia-builder-el-5  el_after_av_heading  el_before_av_one_third  first flex_column_div av-zero-column-padding  '     ><div  class='avia-icon-list-container av-26m9i5-13129c07c7665ac0d4398e1ff3357d94  avia-builder-el-6  avia-builder-el-no-sibling '><ul class='avia-icon-list avia_animate_when_almost_visible avia-icon-list-left av-iconlist-small av-26m9i5-13129c07c7665ac0d4398e1ff3357d94 avia-iconlist-animate'>\n<li><div class='iconlist_icon av-20gmc5-374b1491e26afca4e7b1568692f797c3 avia-font-entypo-fontello avia-iconfont avia-font-entypo-fontello'><span class='av-icon-char' data-av_icon='\ue854' data-av_iconfont='entypo-fontello' aria-hidden=\"true\"><\/span><\/div><article class=\"article-icon-entry av-iconlist-empty\"  itemscope=\"itemscope\" itemtype=\"https:\/\/schema.org\/CreativeWork\" ><div class=\"iconlist_content_wrap\"><header class=\"entry-content-header\" aria-label=\"Icon: Tel\u00e9fono: +34 627 41 99 96 \u2060 \"><div class='av_iconlist_title iconlist_title_small  '  itemprop=\"headline\" >Tel\u00e9fono: +34 627 41 99 96 \u2060 <\/div><\/header><div class='iconlist_content '  itemprop=\"text\" ><\/div><\/div><footer class=\"entry-footer\"><\/footer><\/article><div class=\"iconlist-timeline\"><\/div><\/li>\n<li><div class='iconlist_icon av-1yfnsl-65c2ffae2e6a1e13a37bf08aa7cdfcdf avia-font-entypo-fontello avia-iconfont avia-font-entypo-fontello'><span class='av-icon-char' data-av_icon='\ue805' data-av_iconfont='entypo-fontello' aria-hidden=\"true\"><\/span><\/div><article class=\"article-icon-entry av-iconlist-empty\"  itemscope=\"itemscope\" itemtype=\"https:\/\/schema.org\/CreativeWork\" ><div class=\"iconlist_content_wrap\"><header class=\"entry-content-header\" aria-label=\"Icon: Email: &lt;a href=&quot;mailto:info@shamaretreats.com&quot; target=&quot;_blank&quot; rel=&quot;noopener&quot;&gt;info@shamaretreats.com&lt;\/a&gt;\"><div class='av_iconlist_title iconlist_title_small  '  itemprop=\"headline\" >Email: <a href=\"mailto:info@shamaretreats.com\" target=\"_blank\" rel=\"noopener\">info@shamaretreats.com<\/a><\/div><\/header><div class='iconlist_content '  itemprop=\"text\" ><\/div><\/div><footer class=\"entry-footer\"><\/footer><\/article><div class=\"iconlist-timeline\"><\/div><\/li>\n<li><div class='iconlist_icon av-1p9jj9-41bf525927a07f5f175a670aa7cdde3e avia-font-entypo-fontello avia-iconfont avia-font-entypo-fontello'><span class='av-icon-char' data-av_icon='\ue90d' data-av_iconfont='entypo-fontello' aria-hidden=\"true\"><\/span><\/div><article class=\"article-icon-entry av-iconlist-empty\"  itemscope=\"itemscope\" itemtype=\"https:\/\/schema.org\/CreativeWork\" ><div class=\"iconlist_content_wrap\"><header class=\"entry-content-header\" aria-label=\"Icon: Skype: shamaretreats\"><div class='av_iconlist_title iconlist_title_small  '  itemprop=\"headline\" >Skype: shamaretreats<\/div><\/header><div class='iconlist_content '  itemprop=\"text\" ><\/div><\/div><footer class=\"entry-footer\"><\/footer><\/article><div class=\"iconlist-timeline\"><\/div><\/li>\n<\/ul><\/div><\/div>\n<style type=\"text\/css\" data-created_by=\"avia_inline_auto\" id=\"style-css-av-1kow2d-035553593ec663cb27757a3fe2fdd55a\">\n#top .flex_column.av-1kow2d-035553593ec663cb27757a3fe2fdd55a{\nmargin-top:0px;\nmargin-bottom:20px;\n}\n.flex_column.av-1kow2d-035553593ec663cb27757a3fe2fdd55a{\nborder-radius:0px 0px 0px 0px;\npadding:0px 0px 0px 0px;\n}\n.responsive #top #wrap_all .flex_column.av-1kow2d-035553593ec663cb27757a3fe2fdd55a{\nmargin-top:0px;\nmargin-bottom:20px;\n}\n<\/style>\n<div  class='flex_column av-1kow2d-035553593ec663cb27757a3fe2fdd55a av_one_third  avia-builder-el-7  el_after_av_one_full  el_before_av_textblock  first flex_column_div av-zero-column-padding  column-top-margin'     ><p>\n<style type=\"text\/css\" data-created_by=\"avia_inline_auto\" id=\"style-css-av-1dytk5-8d9ff79f6428d6e5e8aadf0c54a91344\">\n.av_font_icon.av-1dytk5-8d9ff79f6428d6e5e8aadf0c54a91344 .av-icon-char{\nfont-size:20px;\nline-height:20px;\n}\n<\/style>\n<span  class='av_font_icon av-1dytk5-8d9ff79f6428d6e5e8aadf0c54a91344 avia_animate_when_visible av-icon-style- avia-icon-pos-left avia-iconfont avia-font-entypo-fontello av-no-color avia-icon-animate'><a href='https:\/\/www.facebook.com\/shamaretreats'  target=\"_blank\"  rel=\"noopener noreferrer\"  class='av-icon-char' data-av_icon='\ue8f3' data-av_iconfont='entypo-fontello' aria-hidden=\"false\" ><\/a><\/span><br \/>\n\n<style type=\"text\/css\" data-created_by=\"avia_inline_auto\" id=\"style-css-av-17ajv9-75c386674eac3f1882b108df17197277\">\n.av_font_icon.av-17ajv9-75c386674eac3f1882b108df17197277 .av-icon-char{\nfont-size:20px;\nline-height:20px;\n}\n<\/style>\n<span  class='av_font_icon av-17ajv9-75c386674eac3f1882b108df17197277 avia_animate_when_visible av-icon-style- avia-icon-pos-left avia-iconfont avia-font-entypo-fontello av-no-color avia-icon-animate'><a href='https:\/\/www.instagram.com\/shama_yoga_retreats\/'  target=\"_blank\"  rel=\"noopener noreferrer\"  class='av-icon-char' data-av_icon='\ue909' data-av_iconfont='entypo-fontello' aria-hidden=\"false\" ><\/a><\/span><\/p><\/div><section  class='av_textblock_section av-121p99-45fc91d73fac0cd42f1dc2e300b70fce '   itemscope=\"itemscope\" itemtype=\"https:\/\/schema.org\/CreativeWork\" ><div class='avia_textblock'  itemprop=\"text\" ><p>\u00bfQuieres ser el primero en recibir informaci\u00f3n sobre nuestras actividades? \u00a1Solemos ofrecer descuentos para las primeras plazas!<br \/>\nEscr\u00edbenos y te avisaremos cuando se abran las inscripciones de un taller o retiro nuevo.<\/p>\n<\/div><\/section><br \/>\n<form action=\"https:\/\/www.shamaretreats.com\/es\/contacto\/\" method=\"post\" data-fields-with-error=\"Found errors in the following field(s):\" class=\"avia_ajax_form av-form-labels-visible   avia-builder-el-11  el_after_av_textblock  el_before_av_textblock   \" data-avia-form-id=\"1\" data-avia-redirect=''  aria-label='Contact Form' ><fieldset><p class='  first_form  form_element form_fullwidth' id='element_avia_1_1'><label for=\"avia_1_1\">Nombre <abbr class=\"required\" title=\"requerido\">*<\/abbr><\/label> <input name=\"avia_1_1\" class=\"text_input is_empty\" type=\"text\" id=\"avia_1_1\" value=\"\" \/><\/p><p class='  first_form  form_element form_fullwidth' id='element_avia_2_1'><label for=\"avia_2_1\">E-Mail <abbr class=\"required\" title=\"requerido\">*<\/abbr><\/label> <input name=\"avia_2_1\" class=\"text_input is_email\" type=\"text\" id=\"avia_2_1\" value=\"\" \/><\/p><p class='  first_form  form_element form_fullwidth' id='element_avia_3_1'><label for=\"avia_3_1\">Asunto <abbr class=\"required\" title=\"requerido\">*<\/abbr><\/label> <input name=\"avia_3_1\" class=\"text_input is_empty\" type=\"text\" id=\"avia_3_1\" value=\"\" \/><\/p><p class='  first_form  form_element form_fullwidth av-last-visible-form-element' id='element_avia_4_1'><label for=\"avia_4_1\" class=\"textare_label hidden textare_label_avia_4_1\">Mensaje <abbr class=\"required\" title=\"requerido\">*<\/abbr><\/label><textarea  name=\"avia_4_1\" class=\"text_area is_empty\" cols=\"40\" rows=\"7\" id=\"avia_4_1\" ><\/textarea><\/p><p class=\"hidden\"><input type=\"text\" name=\"avia_5_1\" class=\"hidden \" id=\"avia_5_1\" value=\"\" \/><\/p><p class=\"form_element \"><input type=\"hidden\" value=\"1\" name=\"avia_generated_form1\" \/><input type=\"submit\" value=\"Enviar\" class=\"button\"  data-sending-label=\"Enviando\"\/><\/p><\/fieldset><\/form><div id=\"ajaxresponse_1\" class=\"ajaxresponse ajaxresponse_1 hidden\"><\/div><br \/>\n<section  class='av_textblock_section av-lbdxf87d-963473f223582383672f6932f90c9125 '   itemscope=\"itemscope\" itemtype=\"https:\/\/schema.org\/CreativeWork\" ><div class='avia_textblock'  itemprop=\"text\" ><p>Pol\u00edtica de protecci\u00f3n de datos.<\/p>\n<p>Los datos de car\u00e1cter personal que se faciliten a trav\u00e9s de este formulario, ser\u00e1n recogidos en un fichero automatizado.<\/p>\n<p>La finalidad del tratamiento de estos datos es \u00fanicamente gestionar la organizaci\u00f3n de nuestras actividades programadas o facilitar informaci\u00f3n sobre las mismas.<br \/>\nEstos datos personales no se utilizar\u00e1n para ning\u00fan otro fin ni ser\u00e1n cedidos a terceros. El usuario podr\u00e1 hacer valer en todo momento los derechos de acceso, rectificaci\u00f3n, cancelaci\u00f3n u oposici\u00f3n de los que sea titular, mediante notificaci\u00f3n por e-mail a info@shamaretreats.com de acuerdo con lo establecido en el Reglamento (UE) 2016\/679 de Protecci\u00f3n de Datos de car\u00e1cter personal.<\/p>\n<\/div><\/section><\/p>\n<\/div><\/div><\/div>\n","protected":false},"excerpt":{"rendered":"","protected":false},"author":1,"featured_media":0,"parent":0,"menu_order":0,"comment_status":"open","ping_status":"open","template":"","meta":{"footnotes":""},"class_list":["post-797","page","type-page","status-publish","hentry"],"yoast_head":"<!-- This site is optimized with the Yoast SEO plugin v27.4 - https:\/\/yoast.com\/product\/yoast-seo-wordpress\/ -->\n<title>Contacto - Shama Retreats<\/title>\n<meta name=\"robots\" content=\"index, follow, max-snippet:-1, max-image-preview:large, max-video-preview:-1\" \/>\n<link rel=\"canonical\" href=\"https:\/\/www.shamaretreats.com\/es\/contacto\/\" \/>\n<meta property=\"og:locale\" content=\"es_ES\" \/>\n<meta property=\"og:type\" content=\"article\" \/>\n<meta property=\"og:title\" content=\"Contacto - Shama Retreats\" \/>\n<meta property=\"og:url\" content=\"https:\/\/www.shamaretreats.com\/es\/contacto\/\" \/>\n<meta property=\"og:site_name\" content=\"Shama Retreats\" \/>\n<meta property=\"article:modified_time\" content=\"2025-12-22T14:26:41+00:00\" \/>\n<meta name=\"twitter:card\" content=\"summary_large_image\" \/>\n<meta name=\"twitter:label1\" content=\"Tiempo de lectura\" \/>\n\t<meta name=\"twitter:data1\" content=\"2 minutos\" \/>\n<script type=\"application\/ld+json\" class=\"yoast-schema-graph\">{\"@context\":\"https:\\\/\\\/schema.org\",\"@graph\":[{\"@type\":\"WebPage\",\"@id\":\"https:\\\/\\\/www.shamaretreats.com\\\/es\\\/contacto\\\/\",\"url\":\"https:\\\/\\\/www.shamaretreats.com\\\/es\\\/contacto\\\/\",\"name\":\"Contacto - Shama Retreats\",\"isPartOf\":{\"@id\":\"https:\\\/\\\/www.shamaretreats.com\\\/es\\\/#website\"},\"datePublished\":\"2014-08-24T15:28:24+00:00\",\"dateModified\":\"2025-12-22T14:26:41+00:00\",\"breadcrumb\":{\"@id\":\"https:\\\/\\\/www.shamaretreats.com\\\/es\\\/contacto\\\/#breadcrumb\"},\"inLanguage\":\"es\",\"potentialAction\":[{\"@type\":\"ReadAction\",\"target\":[\"https:\\\/\\\/www.shamaretreats.com\\\/es\\\/contacto\\\/\"]}]},{\"@type\":\"BreadcrumbList\",\"@id\":\"https:\\\/\\\/www.shamaretreats.com\\\/es\\\/contacto\\\/#breadcrumb\",\"itemListElement\":[{\"@type\":\"ListItem\",\"position\":1,\"name\":\"Portada\",\"item\":\"https:\\\/\\\/www.shamaretreats.com\\\/es\\\/yoga-and-meditation-retreats-in-spain-es-elem\\\/\"},{\"@type\":\"ListItem\",\"position\":2,\"name\":\"Contacto\"}]},{\"@type\":\"WebSite\",\"@id\":\"https:\\\/\\\/www.shamaretreats.com\\\/es\\\/#website\",\"url\":\"https:\\\/\\\/www.shamaretreats.com\\\/es\\\/\",\"name\":\"Shama Retreats\",\"description\":\"Yoga and Meditation retreats\",\"potentialAction\":[{\"@type\":\"SearchAction\",\"target\":{\"@type\":\"EntryPoint\",\"urlTemplate\":\"https:\\\/\\\/www.shamaretreats.com\\\/es\\\/?s={search_term_string}\"},\"query-input\":{\"@type\":\"PropertyValueSpecification\",\"valueRequired\":true,\"valueName\":\"search_term_string\"}}],\"inLanguage\":\"es\"}]}<\/script>\n<!-- \/ Yoast SEO plugin. -->","yoast_head_json":{"title":"Contacto - Shama Retreats","robots":{"index":"index","follow":"follow","max-snippet":"max-snippet:-1","max-image-preview":"max-image-preview:large","max-video-preview":"max-video-preview:-1"},"canonical":"https:\/\/www.shamaretreats.com\/es\/contacto\/","og_locale":"es_ES","og_type":"article","og_title":"Contacto - Shama Retreats","og_url":"https:\/\/www.shamaretreats.com\/es\/contacto\/","og_site_name":"Shama Retreats","article_modified_time":"2025-12-22T14:26:41+00:00","twitter_card":"summary_large_image","twitter_misc":{"Tiempo de lectura":"2 minutos"},"schema":{"@context":"https:\/\/schema.org","@graph":[{"@type":"WebPage","@id":"https:\/\/www.shamaretreats.com\/es\/contacto\/","url":"https:\/\/www.shamaretreats.com\/es\/contacto\/","name":"Contacto - Shama Retreats","isPartOf":{"@id":"https:\/\/www.shamaretreats.com\/es\/#website"},"datePublished":"2014-08-24T15:28:24+00:00","dateModified":"2025-12-22T14:26:41+00:00","breadcrumb":{"@id":"https:\/\/www.shamaretreats.com\/es\/contacto\/#breadcrumb"},"inLanguage":"es","potentialAction":[{"@type":"ReadAction","target":["https:\/\/www.shamaretreats.com\/es\/contacto\/"]}]},{"@type":"BreadcrumbList","@id":"https:\/\/www.shamaretreats.com\/es\/contacto\/#breadcrumb","itemListElement":[{"@type":"ListItem","position":1,"name":"Portada","item":"https:\/\/www.shamaretreats.com\/es\/yoga-and-meditation-retreats-in-spain-es-elem\/"},{"@type":"ListItem","position":2,"name":"Contacto"}]},{"@type":"WebSite","@id":"https:\/\/www.shamaretreats.com\/es\/#website","url":"https:\/\/www.shamaretreats.com\/es\/","name":"Shama Retreats","description":"Yoga and Meditation retreats","potentialAction":[{"@type":"SearchAction","target":{"@type":"EntryPoint","urlTemplate":"https:\/\/www.shamaretreats.com\/es\/?s={search_term_string}"},"query-input":{"@type":"PropertyValueSpecification","valueRequired":true,"valueName":"search_term_string"}}],"inLanguage":"es"}]}},"_links":{"self":[{"href":"https:\/\/www.shamaretreats.com\/es\/wp-json\/wp\/v2\/pages\/797","targetHints":{"allow":["GET"]}}],"collection":[{"href":"https:\/\/www.shamaretreats.com\/es\/wp-json\/wp\/v2\/pages"}],"about":[{"href":"https:\/\/www.shamaretreats.com\/es\/wp-json\/wp\/v2\/types\/page"}],"author":[{"embeddable":true,"href":"https:\/\/www.shamaretreats.com\/es\/wp-json\/wp\/v2\/users\/1"}],"replies":[{"embeddable":true,"href":"https:\/\/www.shamaretreats.com\/es\/wp-json\/wp\/v2\/comments?post=797"}],"version-history":[{"count":36,"href":"https:\/\/www.shamaretreats.com\/es\/wp-json\/wp\/v2\/pages\/797\/revisions"}],"predecessor-version":[{"id":25280,"href":"https:\/\/www.shamaretreats.com\/es\/wp-json\/wp\/v2\/pages\/797\/revisions\/25280"}],"wp:attachment":[{"href":"https:\/\/www.shamaretreats.com\/es\/wp-json\/wp\/v2\/media?parent=797"}],"curies":[{"name":"wp","href":"https:\/\/api.w.org\/{rel}","templated":true}]}}