{"id":6112,"date":"2020-10-30T20:16:23","date_gmt":"2020-10-30T18:16:23","guid":{"rendered":"https:\/\/www.shamaretreats.com\/?page_id=6112"},"modified":"2025-10-23T14:57:06","modified_gmt":"2025-10-23T12:57:06","slug":"sesiones-individuales-terapias","status":"publish","type":"page","link":"https:\/\/www.shamaretreats.com\/es\/sesiones-individuales-terapias\/","title":{"rendered":"Sesiones individuales terapias"},"content":{"rendered":"\n<style type=\"text\/css\" data-created_by=\"avia_inline_auto\" id=\"style-css-av-1tacamo-b820b2d587ff051af2c051df3deff624\">\n.avia-section.av-1tacamo-b820b2d587ff051af2c051df3deff624{\nbackground-repeat:no-repeat;\nbackground-image:url(https:\/\/www.shamaretreats.com\/wp-content\/uploads\/2025\/10\/Terapias-energeticas.jpg);\nbackground-position:50% 50%;\nbackground-attachment:scroll;\n}\n.avia-section.av-1tacamo-b820b2d587ff051af2c051df3deff624 .av-section-color-overlay{\nopacity:0.4;\nbackground-color:#000000;\n}\n<\/style>\n<div id='av_section_1'  class='avia-section av-1tacamo-b820b2d587ff051af2c051df3deff624 main_color avia-section-large avia-no-border-styling  avia-builder-el-0  el_before_av_one_full  avia-builder-el-first  avia-full-stretch avia-bg-style-scroll av-section-color-overlay-active container_wrap sidebar_right'  data-section-bg-repeat='stretch'><div class=\"av-section-color-overlay-wrap\"><div class=\"av-section-color-overlay\"><\/div><div class='container av-section-cont-open' ><main  role=\"main\" itemprop=\"mainContentOfPage\"  class='template-page content  av-content-small alpha units'><div class='post-entry post-entry-type-page post-entry-6112'><div class='entry-content-wrapper clearfix'>\n\n<style type=\"text\/css\" data-created_by=\"avia_inline_auto\" id=\"style-css-av-kgwl7q2q-0be015cbbf03314e700951852d7b5ac8\">\n#top .av-special-heading.av-kgwl7q2q-0be015cbbf03314e700951852d7b5ac8{\npadding-bottom:10px;\ncolor:#ffffff;\nfont-size:70px;\n}\nbody .av-special-heading.av-kgwl7q2q-0be015cbbf03314e700951852d7b5ac8 .av-special-heading-tag .heading-char{\nfont-size:25px;\n}\n#top #wrap_all .av-special-heading.av-kgwl7q2q-0be015cbbf03314e700951852d7b5ac8 .av-special-heading-tag{\nfont-size:70px;\n}\n.av-special-heading.av-kgwl7q2q-0be015cbbf03314e700951852d7b5ac8 .special-heading-inner-border{\nborder-color:#ffffff;\n}\n.av-special-heading.av-kgwl7q2q-0be015cbbf03314e700951852d7b5ac8 .av-subheading{\nfont-size:15px;\n}\n\n@media only screen and (min-width: 480px) and (max-width: 767px){ \n#top #wrap_all .av-special-heading.av-kgwl7q2q-0be015cbbf03314e700951852d7b5ac8 .av-special-heading-tag{\nfont-size:0.8em;\n}\n}\n\n@media only screen and (max-width: 479px){ \n#top #wrap_all .av-special-heading.av-kgwl7q2q-0be015cbbf03314e700951852d7b5ac8 .av-special-heading-tag{\nfont-size:0.8em;\n}\n}\n<\/style>\n<div  class='av-special-heading av-kgwl7q2q-0be015cbbf03314e700951852d7b5ac8 av-special-heading-h6 custom-color-heading blockquote modern-quote modern-centered  avia-builder-el-1  avia-builder-el-no-sibling  av-inherit-size'><h6 class='av-special-heading-tag '  itemprop=\"headline\"  >Terapias Energ\u00e9ticas<\/h6><div class=\"special-heading-border\"><div class=\"special-heading-inner-border\"><\/div><\/div><\/div>\n<\/div><\/div><\/main><!-- close content main element --><\/div><\/div><\/div><div id='after_section_1'  class='main_color av_default_container_wrap container_wrap sidebar_right'  ><div class='container av-section-cont-open' ><div class='template-page content  av-content-small alpha units'><div class='post-entry post-entry-type-page post-entry-6112'><div class='entry-content-wrapper clearfix'>\n\n<style type=\"text\/css\" data-created_by=\"avia_inline_auto\" id=\"style-css-av-1y2f6o-d04dbed6ed842d41bc1005d616aab02a\">\n.flex_column.av-1y2f6o-d04dbed6ed842d41bc1005d616aab02a{\nborder-radius:0px 0px 0px 0px;\npadding:0px 0px 0px 0px;\nbackground-color:#f8f8f8;\n}\n<\/style>\n<div  class='flex_column av-1y2f6o-d04dbed6ed842d41bc1005d616aab02a av_one_full  avia-builder-el-2  el_after_av_section  el_before_av_section  avia-builder-el-no-sibling  first flex_column_div av-zero-column-padding  '     ><\/div>\n<\/div><\/div><\/div><!-- close content main div --><\/div><\/div>\n<style type=\"text\/css\" data-created_by=\"avia_inline_auto\" id=\"style-css-av-u1ha6o-fec5780d674b0a8b3ca11719c9e4ea8f\">\n.avia-section.av-u1ha6o-fec5780d674b0a8b3ca11719c9e4ea8f{\nbackground-color:#f8f8f8;\nbackground-image:unset;\n}\n<\/style>\n<div id='individuales'  class='avia-section av-u1ha6o-fec5780d674b0a8b3ca11719c9e4ea8f main_color avia-section-no-padding avia-no-border-styling  avia-builder-el-3  el_after_av_one_full  el_before_av_section  avia-bg-style-scroll container_wrap sidebar_right'  ><div class='container av-section-cont-open' ><div class='template-page content  av-content-small alpha units'><div class='post-entry post-entry-type-page post-entry-6112'><div class='entry-content-wrapper clearfix'>\n\n<style type=\"text\/css\" data-created_by=\"avia_inline_auto\" id=\"style-css-av-kgwkzqtb-94e6eaf2a836627da10141ffb1a20b0a\">\n#top .av-special-heading.av-kgwkzqtb-94e6eaf2a836627da10141ffb1a20b0a{\npadding-bottom:10px;\n}\nbody .av-special-heading.av-kgwkzqtb-94e6eaf2a836627da10141ffb1a20b0a .av-special-heading-tag .heading-char{\nfont-size:25px;\n}\n.av-special-heading.av-kgwkzqtb-94e6eaf2a836627da10141ffb1a20b0a .av-subheading{\nfont-size:15px;\n}\n<\/style>\n<div  class='av-special-heading av-kgwkzqtb-94e6eaf2a836627da10141ffb1a20b0a av-special-heading-h2 blockquote modern-quote modern-centered  avia-builder-el-4  el_before_av_hr  avia-builder-el-first  av-linked-heading'><h2 class='av-special-heading-tag '  itemprop=\"headline\"  >Sesiones individuales de T\u00e9cnica Metam\u00f3rfica<\/h2><div class=\"special-heading-border\"><div class=\"special-heading-inner-border\"><\/div><\/div><\/div>\n\n<style type=\"text\/css\" data-created_by=\"avia_inline_auto\" id=\"style-css-av-fslujk-09f447dba444eab48573ab5e4e683e65\">\n#top .hr.av-fslujk-09f447dba444eab48573ab5e4e683e65{\nmargin-top:30px;\nmargin-bottom:30px;\n}\n.hr.av-fslujk-09f447dba444eab48573ab5e4e683e65 .hr-inner{\nwidth:150px;\n}\n<\/style>\n<div  class='hr av-fslujk-09f447dba444eab48573ab5e4e683e65 hr-custom  avia-builder-el-5  el_after_av_heading  el_before_av_one_full  hr-center hr-icon-no'><span class='hr-inner inner-border-av-border-thin'><span class=\"hr-inner-style\"><\/span><\/span><\/div>\n\n<style type=\"text\/css\" data-created_by=\"avia_inline_auto\" id=\"style-css-av-q64s1s-1bf68153eacc6bc8d5ec2632880e405b\">\n.flex_column.av-q64s1s-1bf68153eacc6bc8d5ec2632880e405b{\nborder-radius:0px 0px 0px 0px;\npadding:0px 0px 0px 0px;\n}\n<\/style>\n<div  class='flex_column av-q64s1s-1bf68153eacc6bc8d5ec2632880e405b av_one_full  avia-builder-el-6  el_after_av_hr  avia-builder-el-last  first flex_column_div av-zero-column-padding  '     ><p><section  class='av_textblock_section av-2c9i7k-a8b3dc7bab794d7400522fcf6726f0cc '   itemscope=\"itemscope\" itemtype=\"https:\/\/schema.org\/CreativeWork\" ><div class='avia_textblock'  itemprop=\"text\" ><p>La T\u00e9cnica Metam\u00f3rfica <strong>es una terapia natural<\/strong>, creada por el natur\u00f3pata y reflex\u00f3logo Robert St. John en la d\u00e9cada de los sesenta, a partir de sus exploraciones en el \u00e1rea de la reflexolog\u00eda.<\/p>\n<p style=\"text-align: justify; line-height: 1.5em;\">Se realiza a trav\u00e9s de un suave masaje en pies, manos y cabeza, recorriendo puntos reflejos de la columna vertebral, conectados con las etapas de formaci\u00f3n del ser humano, desde la pre-concepci\u00f3n y concepci\u00f3n a la gestaci\u00f3n y el parto.<\/p>\n<p style=\"text-align: justify;\">Durante estas etapas se establece una programaci\u00f3n interna que nos acompa\u00f1a durante toda nuestra vida.<\/p>\n<p style=\"text-align: justify;\"><strong>La t\u00e9cnica ayuda a desbloquear los patrones<\/strong> que ya no nos sirven y est\u00e1n produciendo un estancamiento inconsciente en nuestro crecimiento (miedos, inseguridades, bloqueos, dudas, etc), acompa\u00f1ando al receptor en un proceso de metamorfosis desde su identidad actual hasta comenzar a desplegar su verdadero potencial.<\/p>\n<p style=\"text-align: justify;\">A trav\u00e9s de la t\u00e9cnica metam\u00f3rfica<strong> se incrementa la energ\u00eda vital<\/strong>, se potencia la capacidad de reaccionar de forma diferente antes las circunstancias y se experimenta una sensaci\u00f3n de liberaci\u00f3n y reorientaci\u00f3n del propio camino, que trae estabilidad y fuerza para movernos por la vida.<\/p>\n<p style=\"text-align: justify;\">Est\u00e1<strong> indicada para todas las personas<\/strong> que deseen potenciar su crecimiento y especialmente recomendada para ni\u00f1os, embarazadas, personas con estr\u00e9s, insomnio, falta de autoestima, inseguridad, patrones recurrentes de comportamiento o depresi\u00f3n.<\/p>\n<p style=\"text-align: justify;\">Una sesi\u00f3n de T\u00e9cnica Metam\u00f3rfica tiene una duraci\u00f3n de una hora y se realiza en camilla.<\/p>\n<\/div><\/section><br \/>\n\n<style type=\"text\/css\" data-created_by=\"avia_inline_auto\" id=\"style-css-av-mniy9c-bfc928640eaebbf5d6fe41ac11581cd3\">\n.av_promobox.av-mniy9c-bfc928640eaebbf5d6fe41ac11581cd3{\ncolor:#4c4c4c;\nbackground:#eaeaea;\nborder-color:#dbdbdb;\n}\n<\/style>\n<div  class='av_promobox av-mniy9c-bfc928640eaebbf5d6fe41ac11581cd3 avia-button-yes  avia-builder-el-8  el_after_av_textblock  avia-builder-el-last '><div class='avia-promocontent'><\/p>\n<p style=\"text-align: left;\">Reserva ahora una sesi\u00f3n individual de Masaje Metam\u00f3fico<\/p>\n<p>\n<\/div><div  class='avia-button-wrap av-mniy9c-a562335c38fa9952293af715d0a90a1f-wrap avia-button-right '><a href='#reserva'  class='avia-button av-mniy9c-a562335c38fa9952293af715d0a90a1f av-link-btn avia-icon_select-no avia-size-large avia-position-right avia-color-theme-color'   aria-label=\"Contactar\"><span class='avia_iconbox_title' >Contactar<\/span><\/a><\/div><\/div><\/p><\/div>\n\n<\/div><\/div><\/div><!-- close content main div --><\/div><\/div>\n<style type=\"text\/css\" data-created_by=\"avia_inline_auto\" id=\"style-css-av-l92w68-103d89ac04bb7a9aa954ea2428453ce4\">\n.avia-section.av-l92w68-103d89ac04bb7a9aa954ea2428453ce4{\nbackground-color:#f8f8f8;\nbackground-image:unset;\n}\n<\/style>\n<div id='av_section_3'  class='avia-section av-l92w68-103d89ac04bb7a9aa954ea2428453ce4 main_color avia-section-default avia-no-shadow  avia-builder-el-9  el_after_av_section  el_before_av_section  avia-bg-style-scroll container_wrap sidebar_right'  ><div class='container av-section-cont-open' ><div class='template-page content  av-content-small alpha units'><div class='post-entry post-entry-type-page post-entry-6112'><div class='entry-content-wrapper clearfix'>\n\n<style type=\"text\/css\" data-created_by=\"avia_inline_auto\" id=\"style-css-av-1uukrk-929e86137bd76b719db3630b2eddff69\">\n.flex_column.av-1uukrk-929e86137bd76b719db3630b2eddff69{\nborder-radius:0px 0px 0px 0px;\npadding:0px 0px 0px 0px;\n}\n<\/style>\n<div  class='flex_column av-1uukrk-929e86137bd76b719db3630b2eddff69 av_one_full  avia-builder-el-10  el_before_av_promobox  avia-builder-el-first  first flex_column_div av-zero-column-padding  '     ><p>\n<style type=\"text\/css\" data-created_by=\"avia_inline_auto\" id=\"style-css-av-kgwkzyuc-9951a539028567bf5a252bfc2d130c9b\">\n#top .av-special-heading.av-kgwkzyuc-9951a539028567bf5a252bfc2d130c9b{\npadding-bottom:10px;\n}\nbody .av-special-heading.av-kgwkzyuc-9951a539028567bf5a252bfc2d130c9b .av-special-heading-tag .heading-char{\nfont-size:25px;\n}\n.av-special-heading.av-kgwkzyuc-9951a539028567bf5a252bfc2d130c9b .av-subheading{\nfont-size:15px;\n}\n<\/style>\n<div  class='av-special-heading av-kgwkzyuc-9951a539028567bf5a252bfc2d130c9b av-special-heading-h2 blockquote modern-quote modern-centered  avia-builder-el-11  el_before_av_hr  avia-builder-el-first '><h2 class='av-special-heading-tag '  itemprop=\"headline\"  >Sesiones individuales de Terapia M\u00edstica<\/h2><div class=\"special-heading-border\"><div class=\"special-heading-inner-border\"><\/div><\/div><\/div><br \/>\n\n<style type=\"text\/css\" data-created_by=\"avia_inline_auto\" id=\"style-css-av-fslujk-1-0d037b50cf96f1f6a18bf0cf79fc01ad\">\n#top .hr.av-fslujk-1-0d037b50cf96f1f6a18bf0cf79fc01ad{\nmargin-top:30px;\nmargin-bottom:30px;\n}\n.hr.av-fslujk-1-0d037b50cf96f1f6a18bf0cf79fc01ad .hr-inner{\nwidth:150px;\n}\n<\/style>\n<div  class='hr av-fslujk-1-0d037b50cf96f1f6a18bf0cf79fc01ad hr-custom  avia-builder-el-12  el_after_av_heading  el_before_av_textblock  hr-center hr-icon-no'><span class='hr-inner inner-border-av-border-thin'><span class=\"hr-inner-style\"><\/span><\/span><\/div><br \/>\n<section  class='av_textblock_section av-e5mv2o-3ad485a8a64d23667e61be69e4788f8c '   itemscope=\"itemscope\" itemtype=\"https:\/\/schema.org\/CreativeWork\" ><div class='avia_textblock'  itemprop=\"text\" ><p style=\"text-align: justify; line-height: 1.5em;\">La Terapia M\u00edstica o Integral es una terapia hol\u00edstica que se realiza en estados de relajaci\u00f3n, en la cual el terapeuta canaliza una energ\u00eda de alta vibraci\u00f3n que equilibra a la persona a nivel f\u00edsico, mental y espiritual.<\/p>\n<p style=\"text-align: justify;\">La Terapia M\u00edstica nos concede una gran <strong>capacidad de re-conectarnos con nuestro interior<\/strong>, de entrar en <strong>estados espont\u00e1neos de meditaci\u00f3n<\/strong> e introducirnos en una vivencia de <strong>profunda calma y armon\u00eda mental<\/strong> que va ganando poco a poco espacio en nuestra vida diaria y record\u00e1ndonos que no somos este cuerpo ni esta mente, sino que somos consciencia pura, amorosa y perfecta.<\/p>\n<p style=\"text-align: justify;\">En una sesi\u00f3n individual, se profundizar\u00e1 en esta canalizaci\u00f3n energ\u00e9tica durante un periodo entre 50 minutos y una hora, permitiendo que la experiencia sea completa y liberadora.<\/p>\n<\/div><\/section><\/p><\/div>\n<style type=\"text\/css\" data-created_by=\"avia_inline_auto\" id=\"style-css-av-c27o5s-d33fdb6070e673e095453fdf607fc5c6\">\n.av_promobox.av-c27o5s-d33fdb6070e673e095453fdf607fc5c6{\ncolor:#4c4c4c;\nbackground:#eaeaea;\nborder-color:#dbdbdb;\n}\n<\/style>\n<div  class='av_promobox av-c27o5s-d33fdb6070e673e095453fdf607fc5c6 avia-button-yes  avia-builder-el-14  el_after_av_one_full  avia-builder-el-last '><div class='avia-promocontent'><p>Reserva ahora una sesi\u00f3n individual de Terapia M\u00edstica o Integral<\/p>\n<\/div><div  class='avia-button-wrap av-c27o5s-cd852cf8166c9672f16afa3db10e730b-wrap avia-button-right '><a href='#reserva'  class='avia-button av-c27o5s-cd852cf8166c9672f16afa3db10e730b av-link-btn avia-icon_select-no avia-size-large avia-position-right avia-color-theme-color'   aria-label=\"Contactar\"><span class='avia_iconbox_title' >Contactar<\/span><\/a><\/div><\/div>\n\n<\/div><\/div><\/div><!-- close content main div --><\/div><\/div><div id='reserva'  class='avia-section av-12n24g-68f090529dd91c83f49b5d0c0639d4ba main_color avia-section-default avia-no-shadow  avia-builder-el-15  el_after_av_section  avia-builder-el-last  avia-bg-style-scroll container_wrap sidebar_right'  ><div class='container av-section-cont-open' ><div class='template-page content  av-content-small alpha units'><div class='post-entry post-entry-type-page post-entry-6112'><div class='entry-content-wrapper clearfix'>\n\n<style type=\"text\/css\" data-created_by=\"avia_inline_auto\" id=\"style-css-av-6iyf68-bcda33a27aaff3ccef677745e0aa7471\">\n#top .av-special-heading.av-6iyf68-bcda33a27aaff3ccef677745e0aa7471{\npadding-bottom:6px;\n}\nbody .av-special-heading.av-6iyf68-bcda33a27aaff3ccef677745e0aa7471 .av-special-heading-tag .heading-char{\nfont-size:25px;\n}\n.av-special-heading.av-6iyf68-bcda33a27aaff3ccef677745e0aa7471 .av-subheading{\nfont-size:15px;\n}\n<\/style>\n<div  class='av-special-heading av-6iyf68-bcda33a27aaff3ccef677745e0aa7471 av-special-heading-h4  avia-builder-el-16  el_before_av_contact  avia-builder-el-first '><h4 class='av-special-heading-tag '  itemprop=\"headline\"  >Informaci\u00f3n y reservas:<\/h4><div class=\"special-heading-border\"><div class=\"special-heading-inner-border\"><\/div><\/div><\/div>\n<form action=\"https:\/\/www.shamaretreats.com\/es\/sesiones-individuales-terapias\/\" method=\"post\" data-fields-with-error=\"Found errors in the following field(s):\" class=\"avia_ajax_form av-form-labels-visible   avia-builder-el-17  el_after_av_heading  avia-builder-el-last   \" data-avia-form-id=\"1\" data-avia-redirect='' ><fieldset><p class='  first_form  form_element form_fullwidth' id='element_avia_1_1'><label for=\"avia_1_1\">Nombre <abbr class=\"required\" title=\"requerido\">*<\/abbr><\/label> <input name=\"avia_1_1\" class=\"text_input is_empty\" type=\"text\" id=\"avia_1_1\" value=\"\" \/><\/p><p class='  first_form  form_element form_fullwidth' id='element_avia_2_1'><label for=\"avia_2_1\">E-Mail <abbr class=\"required\" title=\"requerido\">*<\/abbr><\/label> <input name=\"avia_2_1\" class=\"text_input is_email\" type=\"text\" id=\"avia_2_1\" value=\"\" \/><\/p><p class='  first_form  form_element form_fullwidth' id='element_avia_3_1'><label for=\"avia_3_1\">Ciudad <abbr class=\"required\" title=\"requerido\">*<\/abbr><\/label> <input name=\"avia_3_1\" class=\"text_input is_empty\" type=\"text\" id=\"avia_3_1\" value=\"\" \/><\/p><p class='  first_form  form_element form_fullwidth' id='element_avia_4_1'><label for=\"avia_4_1\">Tipo de sesi\u00f3n individual <abbr class=\"required\" title=\"requerido\">*<\/abbr><\/label><select multiple name=\"avia_4_1\" class=\"select is_empty av-multi-select\" id=\"avia_4_1\"><option   value='Sesi\u00f3n individual de T\u00e9cnica Metam\u00f3rfica (Presencial en Madrid\/C\u00f3rdoba)'>Sesi\u00f3n individual de T\u00e9cnica Metam\u00f3rfica (Presencial en Madrid\/C\u00f3rdoba)<\/option><option   value='Sesi\u00f3n individual de Terapia M\u00edstica (Presencial en Madrid\/C\u00f3rdoba)'>Sesi\u00f3n individual de Terapia M\u00edstica (Presencial en Madrid\/C\u00f3rdoba)<\/option><\/select><\/p><p class='  first_form  form_element form_fullwidth av-last-visible-form-element' id='element_avia_5_1'><label for=\"avia_5_1\" class=\"textare_label hidden textare_label_avia_5_1\">Mensaje (cu\u00e9ntanos que sesiones te interesan y cualquier pregunta que tengas respecto a ellas) <abbr class=\"required\" title=\"requerido\">*<\/abbr><\/label><textarea  name=\"avia_5_1\" class=\"text_area is_empty\" cols=\"40\" rows=\"7\" id=\"avia_5_1\" ><\/textarea><\/p><p class=\"hidden\"><input type=\"text\" name=\"avia_6_1\" class=\"hidden \" id=\"avia_6_1\" value=\"\" \/><\/p><p class=\"form_element \"><input type=\"hidden\" value=\"1\" name=\"avia_generated_form1\" \/><input type=\"submit\" value=\"Enviar\" class=\"button\"  data-sending-label=\"Enviando\"\/><\/p><\/fieldset><\/form><div id=\"ajaxresponse_1\" class=\"ajaxresponse ajaxresponse_1 hidden\"><\/div>\n<\/div><\/div><\/div><!-- close content main div --><\/div><\/div><div id='after_section_4'  class='main_color av_default_container_wrap container_wrap sidebar_right'  ><div class='container av-section-cont-open' ><div class='template-page content  av-content-small alpha units'><div class='post-entry post-entry-type-page post-entry-6112'><div class='entry-content-wrapper clearfix'>\n","protected":false},"excerpt":{"rendered":"","protected":false},"author":1,"featured_media":0,"parent":0,"menu_order":0,"comment_status":"closed","ping_status":"closed","template":"","meta":{"footnotes":""},"class_list":["post-6112","page","type-page","status-publish","hentry"],"yoast_head":"<!-- This site is optimized with the Yoast SEO plugin v27.4 - https:\/\/yoast.com\/product\/yoast-seo-wordpress\/ -->\n<title>Sesiones individuales terapias - Shama Retreats<\/title>\n<meta name=\"robots\" content=\"index, follow, max-snippet:-1, max-image-preview:large, max-video-preview:-1\" \/>\n<link rel=\"canonical\" href=\"https:\/\/www.shamaretreats.com\/es\/sesiones-individuales-terapias\/\" \/>\n<meta property=\"og:locale\" content=\"es_ES\" \/>\n<meta property=\"og:type\" content=\"article\" \/>\n<meta property=\"og:title\" content=\"Sesiones individuales terapias - Shama Retreats\" \/>\n<meta property=\"og:url\" content=\"https:\/\/www.shamaretreats.com\/es\/sesiones-individuales-terapias\/\" \/>\n<meta property=\"og:site_name\" content=\"Shama Retreats\" \/>\n<meta property=\"article:modified_time\" content=\"2025-10-23T12:57:06+00:00\" \/>\n<meta name=\"twitter:card\" content=\"summary_large_image\" \/>\n<meta name=\"twitter:label1\" content=\"Tiempo de lectura\" \/>\n\t<meta name=\"twitter:data1\" content=\"2 minutos\" \/>\n<script type=\"application\/ld+json\" class=\"yoast-schema-graph\">{\"@context\":\"https:\\\/\\\/schema.org\",\"@graph\":[{\"@type\":\"WebPage\",\"@id\":\"https:\\\/\\\/www.shamaretreats.com\\\/es\\\/sesiones-individuales-terapias\\\/\",\"url\":\"https:\\\/\\\/www.shamaretreats.com\\\/es\\\/sesiones-individuales-terapias\\\/\",\"name\":\"Sesiones individuales terapias - Shama Retreats\",\"isPartOf\":{\"@id\":\"https:\\\/\\\/www.shamaretreats.com\\\/es\\\/#website\"},\"datePublished\":\"2020-10-30T18:16:23+00:00\",\"dateModified\":\"2025-10-23T12:57:06+00:00\",\"breadcrumb\":{\"@id\":\"https:\\\/\\\/www.shamaretreats.com\\\/es\\\/sesiones-individuales-terapias\\\/#breadcrumb\"},\"inLanguage\":\"es\",\"potentialAction\":[{\"@type\":\"ReadAction\",\"target\":[\"https:\\\/\\\/www.shamaretreats.com\\\/es\\\/sesiones-individuales-terapias\\\/\"]}]},{\"@type\":\"BreadcrumbList\",\"@id\":\"https:\\\/\\\/www.shamaretreats.com\\\/es\\\/sesiones-individuales-terapias\\\/#breadcrumb\",\"itemListElement\":[{\"@type\":\"ListItem\",\"position\":1,\"name\":\"Portada\",\"item\":\"https:\\\/\\\/www.shamaretreats.com\\\/es\\\/yoga-and-meditation-retreats-in-spain-es-elem\\\/\"},{\"@type\":\"ListItem\",\"position\":2,\"name\":\"Sesiones individuales terapias\"}]},{\"@type\":\"WebSite\",\"@id\":\"https:\\\/\\\/www.shamaretreats.com\\\/es\\\/#website\",\"url\":\"https:\\\/\\\/www.shamaretreats.com\\\/es\\\/\",\"name\":\"Shama Retreats\",\"description\":\"Yoga and Meditation retreats\",\"potentialAction\":[{\"@type\":\"SearchAction\",\"target\":{\"@type\":\"EntryPoint\",\"urlTemplate\":\"https:\\\/\\\/www.shamaretreats.com\\\/es\\\/?s={search_term_string}\"},\"query-input\":{\"@type\":\"PropertyValueSpecification\",\"valueRequired\":true,\"valueName\":\"search_term_string\"}}],\"inLanguage\":\"es\"}]}<\/script>\n<!-- \/ Yoast SEO plugin. -->","yoast_head_json":{"title":"Sesiones individuales terapias - Shama Retreats","robots":{"index":"index","follow":"follow","max-snippet":"max-snippet:-1","max-image-preview":"max-image-preview:large","max-video-preview":"max-video-preview:-1"},"canonical":"https:\/\/www.shamaretreats.com\/es\/sesiones-individuales-terapias\/","og_locale":"es_ES","og_type":"article","og_title":"Sesiones individuales terapias - Shama Retreats","og_url":"https:\/\/www.shamaretreats.com\/es\/sesiones-individuales-terapias\/","og_site_name":"Shama Retreats","article_modified_time":"2025-10-23T12:57:06+00:00","twitter_card":"summary_large_image","twitter_misc":{"Tiempo de lectura":"2 minutos"},"schema":{"@context":"https:\/\/schema.org","@graph":[{"@type":"WebPage","@id":"https:\/\/www.shamaretreats.com\/es\/sesiones-individuales-terapias\/","url":"https:\/\/www.shamaretreats.com\/es\/sesiones-individuales-terapias\/","name":"Sesiones individuales terapias - Shama Retreats","isPartOf":{"@id":"https:\/\/www.shamaretreats.com\/es\/#website"},"datePublished":"2020-10-30T18:16:23+00:00","dateModified":"2025-10-23T12:57:06+00:00","breadcrumb":{"@id":"https:\/\/www.shamaretreats.com\/es\/sesiones-individuales-terapias\/#breadcrumb"},"inLanguage":"es","potentialAction":[{"@type":"ReadAction","target":["https:\/\/www.shamaretreats.com\/es\/sesiones-individuales-terapias\/"]}]},{"@type":"BreadcrumbList","@id":"https:\/\/www.shamaretreats.com\/es\/sesiones-individuales-terapias\/#breadcrumb","itemListElement":[{"@type":"ListItem","position":1,"name":"Portada","item":"https:\/\/www.shamaretreats.com\/es\/yoga-and-meditation-retreats-in-spain-es-elem\/"},{"@type":"ListItem","position":2,"name":"Sesiones individuales terapias"}]},{"@type":"WebSite","@id":"https:\/\/www.shamaretreats.com\/es\/#website","url":"https:\/\/www.shamaretreats.com\/es\/","name":"Shama Retreats","description":"Yoga and Meditation retreats","potentialAction":[{"@type":"SearchAction","target":{"@type":"EntryPoint","urlTemplate":"https:\/\/www.shamaretreats.com\/es\/?s={search_term_string}"},"query-input":{"@type":"PropertyValueSpecification","valueRequired":true,"valueName":"search_term_string"}}],"inLanguage":"es"}]}},"_links":{"self":[{"href":"https:\/\/www.shamaretreats.com\/es\/wp-json\/wp\/v2\/pages\/6112","targetHints":{"allow":["GET"]}}],"collection":[{"href":"https:\/\/www.shamaretreats.com\/es\/wp-json\/wp\/v2\/pages"}],"about":[{"href":"https:\/\/www.shamaretreats.com\/es\/wp-json\/wp\/v2\/types\/page"}],"author":[{"embeddable":true,"href":"https:\/\/www.shamaretreats.com\/es\/wp-json\/wp\/v2\/users\/1"}],"replies":[{"embeddable":true,"href":"https:\/\/www.shamaretreats.com\/es\/wp-json\/wp\/v2\/comments?post=6112"}],"version-history":[{"count":8,"href":"https:\/\/www.shamaretreats.com\/es\/wp-json\/wp\/v2\/pages\/6112\/revisions"}],"predecessor-version":[{"id":23837,"href":"https:\/\/www.shamaretreats.com\/es\/wp-json\/wp\/v2\/pages\/6112\/revisions\/23837"}],"wp:attachment":[{"href":"https:\/\/www.shamaretreats.com\/es\/wp-json\/wp\/v2\/media?parent=6112"}],"curies":[{"name":"wp","href":"https:\/\/api.w.org\/{rel}","templated":true}]}}