{"id":19630,"date":"2024-10-18T20:40:45","date_gmt":"2024-10-18T18:40:45","guid":{"rendered":"https:\/\/www.shamaretreats.com\/?page_id=19630"},"modified":"2024-10-19T09:50:06","modified_gmt":"2024-10-19T07:50:06","slug":"meditacion-guiada","status":"publish","type":"page","link":"https:\/\/www.shamaretreats.com\/es\/meditacion-guiada\/","title":{"rendered":"Meditaci\u00f3n Guiada"},"content":{"rendered":"\t\t<div data-elementor-type=\"wp-page\" data-elementor-id=\"19630\" class=\"elementor elementor-19630\">\n\t\t\t\t\t\t<section class=\"elementor-section elementor-top-section elementor-element elementor-element-42e1bd2 elementor-section-boxed elementor-section-height-default elementor-section-height-default\" data-id=\"42e1bd2\" data-element_type=\"section\" data-e-type=\"section\" data-settings=\"{&quot;background_background&quot;:&quot;classic&quot;}\">\n\t\t\t\t\t\t\t<div class=\"elementor-background-overlay\"><\/div>\n\t\t\t\t\t\t\t<div class=\"elementor-container elementor-column-gap-default\">\n\t\t\t\t\t<div class=\"elementor-column elementor-col-100 elementor-top-column elementor-element elementor-element-2c84eec\" data-id=\"2c84eec\" data-element_type=\"column\" data-e-type=\"column\">\n\t\t\t<div class=\"elementor-widget-wrap elementor-element-populated\">\n\t\t\t\t\t\t<div class=\"elementor-element elementor-element-855055f elementor-widget elementor-widget-heading\" data-id=\"855055f\" data-element_type=\"widget\" data-e-type=\"widget\" data-widget_type=\"heading.default\">\n\t\t\t\t<div class=\"elementor-widget-container\">\n\t\t\t\t\t<h2 class=\"elementor-heading-title elementor-size-default\"><b>Meditaci\u00f3n Guiada<\/b><\/h2>\t\t\t\t<\/div>\n\t\t\t\t<\/div>\n\t\t\t\t<div class=\"elementor-element elementor-element-2888da9 elementor-widget elementor-widget-heading\" data-id=\"2888da9\" data-element_type=\"widget\" data-e-type=\"widget\" data-widget_type=\"heading.default\">\n\t\t\t\t<div class=\"elementor-widget-container\">\n\t\t\t\t\t<h2 class=\"elementor-heading-title elementor-size-default\">con Paloma Dorado<\/h2>\t\t\t\t<\/div>\n\t\t\t\t<\/div>\n\t\t\t\t<div class=\"elementor-element elementor-element-7926c14 elementor-widget__width-initial elementor-widget elementor-widget-wp-widget-media_audio\" data-id=\"7926c14\" data-element_type=\"widget\" data-e-type=\"widget\" data-widget_type=\"wp-widget-media_audio.default\">\n\t\t\t\t<div class=\"elementor-widget-container\">\n\t\t\t\t\t<audio class=\"wp-audio-shortcode\" id=\"audio-19630-1\" preload=\"none\" style=\"width: 100%;\" controls=\"controls\"><source type=\"audio\/mpeg\" src=\"https:\/\/www.shamaretreats.com\/wp-content\/uploads\/2024\/10\/meditacion-guiada.mp3?_=1\" \/><source type=\"audio\/mpeg\" src=\"https:\/\/www.shamaretreats.com\/wp-content\/uploads\/2024\/10\/meditacion-guiada.mp3?_=1\" \/><a href=\"https:\/\/www.shamaretreats.com\/wp-content\/uploads\/2024\/10\/meditacion-guiada.mp3\">https:\/\/www.shamaretreats.com\/wp-content\/uploads\/2024\/10\/meditacion-guiada.mp3<\/a><\/audio>\t\t\t\t<\/div>\n\t\t\t\t<\/div>\n\t\t\t\t<div class=\"elementor-element elementor-element-af087af elementor-align-center elementor-widget elementor-widget-button\" data-id=\"af087af\" data-element_type=\"widget\" data-e-type=\"widget\" data-widget_type=\"button.default\">\n\t\t\t\t<div class=\"elementor-widget-container\">\n\t\t\t\t\t\t\t\t\t<div class=\"elementor-button-wrapper\">\n\t\t\t\t\t<a class=\"elementor-button elementor-button-link elementor-size-sm\" href=\"https:\/\/www.shamaretreats.com\/wp-content\/uploads\/2024\/10\/meditacion-guiada.mp3\" download=\"\">\n\t\t\t\t\t\t<span class=\"elementor-button-content-wrapper\">\n\t\t\t\t\t\t\t\t\t<span class=\"elementor-button-text\">DESCARGAR LA MEDITACI\u00d3N<\/span>\n\t\t\t\t\t<\/span>\n\t\t\t\t\t<\/a>\n\t\t\t\t<\/div>\n\t\t\t\t\t\t\t\t<\/div>\n\t\t\t\t<\/div>\n\t\t\t\t\t<\/div>\n\t\t<\/div>\n\t\t\t\t\t<\/div>\n\t\t<\/section>\n\t\t\t\t<\/div>\n\t\t","protected":false},"excerpt":{"rendered":"<p>Meditaci\u00f3n Guiada con Paloma Dorado DESCARGAR LA MEDITACI\u00d3N<\/p>\n","protected":false},"author":1,"featured_media":0,"parent":0,"menu_order":0,"comment_status":"closed","ping_status":"closed","template":"elementor_header_footer","meta":{"footnotes":""},"class_list":["post-19630","page","type-page","status-publish","hentry"],"yoast_head":"<!-- This site is optimized with the Yoast SEO plugin v27.4 - https:\/\/yoast.com\/product\/yoast-seo-wordpress\/ -->\n<title>Meditaci\u00f3n Guiada - Shama Retreats<\/title>\n<meta name=\"robots\" content=\"noindex, follow\" \/>\n<meta property=\"og:locale\" content=\"es_ES\" \/>\n<meta property=\"og:type\" content=\"article\" \/>\n<meta property=\"og:title\" content=\"Meditaci\u00f3n Guiada - Shama Retreats\" \/>\n<meta property=\"og:description\" content=\"Meditaci\u00f3n Guiada con Paloma Dorado DESCARGAR LA MEDITACI\u00d3N\" \/>\n<meta property=\"og:url\" content=\"https:\/\/www.shamaretreats.com\/es\/meditacion-guiada\/\" \/>\n<meta property=\"og:site_name\" content=\"Shama Retreats\" \/>\n<meta property=\"article:modified_time\" content=\"2024-10-19T07:50:06+00:00\" \/>\n<meta name=\"twitter:card\" content=\"summary_large_image\" \/>\n<meta name=\"twitter:label1\" content=\"Tiempo de lectura\" \/>\n\t<meta name=\"twitter:data1\" content=\"1 minuto\" \/>\n<script type=\"application\/ld+json\" class=\"yoast-schema-graph\">{\"@context\":\"https:\\\/\\\/schema.org\",\"@graph\":[{\"@type\":\"WebPage\",\"@id\":\"https:\\\/\\\/www.shamaretreats.com\\\/es\\\/meditacion-guiada\\\/\",\"url\":\"https:\\\/\\\/www.shamaretreats.com\\\/es\\\/meditacion-guiada\\\/\",\"name\":\"Meditaci\u00f3n Guiada - Shama Retreats\",\"isPartOf\":{\"@id\":\"https:\\\/\\\/www.shamaretreats.com\\\/es\\\/#website\"},\"datePublished\":\"2024-10-18T18:40:45+00:00\",\"dateModified\":\"2024-10-19T07:50:06+00:00\",\"breadcrumb\":{\"@id\":\"https:\\\/\\\/www.shamaretreats.com\\\/es\\\/meditacion-guiada\\\/#breadcrumb\"},\"inLanguage\":\"es\",\"potentialAction\":[{\"@type\":\"ReadAction\",\"target\":[\"https:\\\/\\\/www.shamaretreats.com\\\/es\\\/meditacion-guiada\\\/\"]}]},{\"@type\":\"BreadcrumbList\",\"@id\":\"https:\\\/\\\/www.shamaretreats.com\\\/es\\\/meditacion-guiada\\\/#breadcrumb\",\"itemListElement\":[{\"@type\":\"ListItem\",\"position\":1,\"name\":\"Portada\",\"item\":\"https:\\\/\\\/www.shamaretreats.com\\\/es\\\/yoga-and-meditation-retreats-in-spain-es-elem\\\/\"},{\"@type\":\"ListItem\",\"position\":2,\"name\":\"Meditaci\u00f3n Guiada\"}]},{\"@type\":\"WebSite\",\"@id\":\"https:\\\/\\\/www.shamaretreats.com\\\/es\\\/#website\",\"url\":\"https:\\\/\\\/www.shamaretreats.com\\\/es\\\/\",\"name\":\"Shama Retreats\",\"description\":\"Yoga and Meditation retreats\",\"potentialAction\":[{\"@type\":\"SearchAction\",\"target\":{\"@type\":\"EntryPoint\",\"urlTemplate\":\"https:\\\/\\\/www.shamaretreats.com\\\/es\\\/?s={search_term_string}\"},\"query-input\":{\"@type\":\"PropertyValueSpecification\",\"valueRequired\":true,\"valueName\":\"search_term_string\"}}],\"inLanguage\":\"es\"}]}<\/script>\n<!-- \/ Yoast SEO plugin. -->","yoast_head_json":{"title":"Meditaci\u00f3n Guiada - Shama Retreats","robots":{"index":"noindex","follow":"follow"},"og_locale":"es_ES","og_type":"article","og_title":"Meditaci\u00f3n Guiada - Shama Retreats","og_description":"Meditaci\u00f3n Guiada con Paloma Dorado DESCARGAR LA MEDITACI\u00d3N","og_url":"https:\/\/www.shamaretreats.com\/es\/meditacion-guiada\/","og_site_name":"Shama Retreats","article_modified_time":"2024-10-19T07:50:06+00:00","twitter_card":"summary_large_image","twitter_misc":{"Tiempo de lectura":"1 minuto"},"schema":{"@context":"https:\/\/schema.org","@graph":[{"@type":"WebPage","@id":"https:\/\/www.shamaretreats.com\/es\/meditacion-guiada\/","url":"https:\/\/www.shamaretreats.com\/es\/meditacion-guiada\/","name":"Meditaci\u00f3n Guiada - Shama Retreats","isPartOf":{"@id":"https:\/\/www.shamaretreats.com\/es\/#website"},"datePublished":"2024-10-18T18:40:45+00:00","dateModified":"2024-10-19T07:50:06+00:00","breadcrumb":{"@id":"https:\/\/www.shamaretreats.com\/es\/meditacion-guiada\/#breadcrumb"},"inLanguage":"es","potentialAction":[{"@type":"ReadAction","target":["https:\/\/www.shamaretreats.com\/es\/meditacion-guiada\/"]}]},{"@type":"BreadcrumbList","@id":"https:\/\/www.shamaretreats.com\/es\/meditacion-guiada\/#breadcrumb","itemListElement":[{"@type":"ListItem","position":1,"name":"Portada","item":"https:\/\/www.shamaretreats.com\/es\/yoga-and-meditation-retreats-in-spain-es-elem\/"},{"@type":"ListItem","position":2,"name":"Meditaci\u00f3n Guiada"}]},{"@type":"WebSite","@id":"https:\/\/www.shamaretreats.com\/es\/#website","url":"https:\/\/www.shamaretreats.com\/es\/","name":"Shama Retreats","description":"Yoga and Meditation retreats","potentialAction":[{"@type":"SearchAction","target":{"@type":"EntryPoint","urlTemplate":"https:\/\/www.shamaretreats.com\/es\/?s={search_term_string}"},"query-input":{"@type":"PropertyValueSpecification","valueRequired":true,"valueName":"search_term_string"}}],"inLanguage":"es"}]}},"_links":{"self":[{"href":"https:\/\/www.shamaretreats.com\/es\/wp-json\/wp\/v2\/pages\/19630","targetHints":{"allow":["GET"]}}],"collection":[{"href":"https:\/\/www.shamaretreats.com\/es\/wp-json\/wp\/v2\/pages"}],"about":[{"href":"https:\/\/www.shamaretreats.com\/es\/wp-json\/wp\/v2\/types\/page"}],"author":[{"embeddable":true,"href":"https:\/\/www.shamaretreats.com\/es\/wp-json\/wp\/v2\/users\/1"}],"replies":[{"embeddable":true,"href":"https:\/\/www.shamaretreats.com\/es\/wp-json\/wp\/v2\/comments?post=19630"}],"version-history":[{"count":24,"href":"https:\/\/www.shamaretreats.com\/es\/wp-json\/wp\/v2\/pages\/19630\/revisions"}],"predecessor-version":[{"id":19694,"href":"https:\/\/www.shamaretreats.com\/es\/wp-json\/wp\/v2\/pages\/19630\/revisions\/19694"}],"wp:attachment":[{"href":"https:\/\/www.shamaretreats.com\/es\/wp-json\/wp\/v2\/media?parent=19630"}],"curies":[{"name":"wp","href":"https:\/\/api.w.org\/{rel}","templated":true}]}}