{"id":1886,"date":"2017-11-24T00:59:02","date_gmt":"2017-11-23T22:59:02","guid":{"rendered":"http:\/\/www.shamaretreats.com\/?page_id=1886\/"},"modified":"2019-07-17T03:15:31","modified_gmt":"2019-07-17T01:15:31","slug":"talleres-yoga","status":"publish","type":"page","link":"https:\/\/www.shamaretreats.com\/es\/talleres-yoga\/","title":{"rendered":"Talleres"},"content":{"rendered":"\n<style type=\"text\/css\" data-created_by=\"avia_inline_auto\" id=\"style-css-av-7twse6-e09a8386ac16ea4e39df1829447f5be7\">\n.avia-section.av-7twse6-e09a8386ac16ea4e39df1829447f5be7{\nbackground-repeat:no-repeat;\nbackground-image:url(https:\/\/www.shamaretreats.com\/wp-content\/uploads\/2017\/11\/talleres-de-yoga.jpg);\nbackground-position:50% 0%;\nbackground-attachment:scroll;\n}\n.avia-section.av-7twse6-e09a8386ac16ea4e39df1829447f5be7 .av-section-color-overlay{\nopacity:0.4;\nbackground-color:#0a0a0a;\n}\n<\/style>\n<div id='av_section_1'  class='avia-section av-7twse6-e09a8386ac16ea4e39df1829447f5be7 main_color avia-section-large avia-no-border-styling  avia-builder-el-0  el_before_av_section  avia-builder-el-first  avia-full-stretch avia-bg-style-scroll av-section-color-overlay-active container_wrap sidebar_right'  data-section-bg-repeat='stretch'><div class=\"av-section-color-overlay-wrap\"><div class=\"av-section-color-overlay\"><\/div><div class='container av-section-cont-open' ><main  role=\"main\" itemprop=\"mainContentOfPage\"  class='template-page content  av-content-small alpha units'><div class='post-entry post-entry-type-page post-entry-1886'><div class='entry-content-wrapper clearfix'>\n\n<style type=\"text\/css\" data-created_by=\"avia_inline_auto\" id=\"style-css-av-61ijlq-061a9c8a442fbfabfa3a406b96446b33\">\n#top .av-special-heading.av-61ijlq-061a9c8a442fbfabfa3a406b96446b33{\npadding-bottom:10px;\ncolor:#ffffff;\nfont-size:70px;\n}\nbody .av-special-heading.av-61ijlq-061a9c8a442fbfabfa3a406b96446b33 .av-special-heading-tag .heading-char{\nfont-size:25px;\n}\n#top #wrap_all .av-special-heading.av-61ijlq-061a9c8a442fbfabfa3a406b96446b33 .av-special-heading-tag{\nfont-size:70px;\n}\n.av-special-heading.av-61ijlq-061a9c8a442fbfabfa3a406b96446b33 .special-heading-inner-border{\nborder-color:#ffffff;\n}\n.av-special-heading.av-61ijlq-061a9c8a442fbfabfa3a406b96446b33 .av-subheading{\nfont-size:15px;\n}\n\n@media only screen and (min-width: 480px) and (max-width: 767px){ \n#top #wrap_all .av-special-heading.av-61ijlq-061a9c8a442fbfabfa3a406b96446b33 .av-special-heading-tag{\nfont-size:0.8em;\n}\n}\n\n@media only screen and (max-width: 479px){ \n#top #wrap_all .av-special-heading.av-61ijlq-061a9c8a442fbfabfa3a406b96446b33 .av-special-heading-tag{\nfont-size:0.8em;\n}\n}\n<\/style>\n<div  class='av-special-heading av-61ijlq-061a9c8a442fbfabfa3a406b96446b33 av-special-heading-h6 custom-color-heading blockquote modern-quote modern-centered  avia-builder-el-1  avia-builder-el-no-sibling  av-inherit-size'><h6 class='av-special-heading-tag '  itemprop=\"headline\"  >Talleres<\/h6><div class=\"special-heading-border\"><div class=\"special-heading-inner-border\"><\/div><\/div><\/div>\n\n<\/div><\/div><\/main><!-- close content main element --><\/div><\/div><\/div><div id='workshop'  class='avia-section av-49f8by-2963bd92af889d09dd91213e12f4fd16 main_color avia-section-default avia-no-border-styling  avia-builder-el-2  el_after_av_section  el_before_av_section  avia-bg-style-scroll container_wrap sidebar_right'  ><div class='container av-section-cont-open' ><div class='template-page content  av-content-small alpha units'><div class='post-entry post-entry-type-page post-entry-1886'><div class='entry-content-wrapper clearfix'>\n<section  class='av_textblock_section av-39okvy-230b9665fe14bbd80bd651d052fe1767 '   itemscope=\"itemscope\" itemtype=\"https:\/\/schema.org\/CreativeWork\" ><div class='avia_textblock'  itemprop=\"text\" ><p style=\"text-align: justify;\">Estamos orgullosos de invitar a algunos de los mejores profesores de yoga de Europa y de otras partes del mundo para que impartan por primera vez talleres intensivos en Espa\u00f1a.<\/p>\n<p style=\"text-align: justify;\">Anatom\u00eda, alineaci\u00f3n, respiraci\u00f3n, yoga terap\u00e9utico, c\u00f3mo crear secuencias en tus clases\u2026.ya seas un profesor de yoga o un estudiante con motivaci\u00f3n por aprender, encontraras el conocimiento y la inspiraci\u00f3n para explorar, especializar o expandir tu pr\u00e1ctica.<\/p>\n<p style=\"text-align: justify;\">Podr\u00e1s sumergirte en la experiencia y la visi\u00f3n de reconocidos profesores internacionales en tu propia ciudad. \u00danete a un camino de formaci\u00f3n continua en yoga a un paso de ti.<\/p>\n<\/div><\/section>\n<div  class='hr av-jrdp6l03-c0248e1bc326a4aba557bba77c5c8de1 hr-full  avia-builder-el-4  el_after_av_textblock  avia-builder-el-last  hr-no-shadow'><span class='hr-inner '><span class=\"hr-inner-style\"><\/span><\/span><\/div>\n\n<\/div><\/div><\/div><!-- close content main div --><\/div><\/div><div id='av_section_3'  class='avia-section av-e1gg8-6e5d0ca34b6090ca81eec9726baf4fdd main_color avia-section-default avia-no-border-styling  avia-builder-el-5  el_after_av_section  el_before_av_section  avia-bg-style-scroll container_wrap sidebar_right'  ><div class='container av-section-cont-open' ><div class='template-page content  av-content-small alpha units'><div class='post-entry post-entry-type-page post-entry-1886'><div class='entry-content-wrapper clearfix'>\n\n<style type=\"text\/css\" data-created_by=\"avia_inline_auto\" id=\"style-css-av-45i008-f8adc08e885e7ed1ff435ce2aa804bf2\">\n.flex_column.av-45i008-f8adc08e885e7ed1ff435ce2aa804bf2{\nborder-radius:0px 0px 0px 0px;\npadding:0px 0px 0px 0px;\n}\n<\/style>\n<div  class='flex_column av-45i008-f8adc08e885e7ed1ff435ce2aa804bf2 av_two_fifth  avia-builder-el-6  el_before_av_three_fifth  avia-builder-el-first  first flex_column_div av-zero-column-padding  '     ><style type=\"text\/css\" data-created_by=\"avia_inline_auto\" id=\"style-css-av-jqxy6jyc-fe59d07b039394d5818979402cd575c5\">\n.avia-image-container.av-jqxy6jyc-fe59d07b039394d5818979402cd575c5 img.avia_image{\nbox-shadow:none;\n}\n.avia-image-container.av-jqxy6jyc-fe59d07b039394d5818979402cd575c5 .av-image-caption-overlay-center{\ncolor:#ffffff;\n}\n<\/style>\n<div  class='avia-image-container av-jqxy6jyc-fe59d07b039394d5818979402cd575c5 av-styling- av-img-linked avia-align-center  avia-builder-el-7  avia-builder-el-no-sibling '   itemprop=\"image\" itemscope=\"itemscope\" itemtype=\"https:\/\/schema.org\/ImageObject\" ><div class=\"avia-image-container-inner\"><div class=\"avia-image-overlay-wrap\"><a href=\"https:\/\/www.shamaretreats.com\/es\/?post_type=portfolio&amp;p=2882\" class='avia_image '  aria-label='IMG_5223 vf'><img fetchpriority=\"high\" fetchpriority=\"high\" decoding=\"async\" fetchpriority=\"high\" class='wp-image-4487 avia-img-lazy-loading-not-4487 avia_image ' src=\"https:\/\/www.shamaretreats.com\/wp-content\/uploads\/2019\/02\/IMG_5223-vf-845x684.jpg\" alt='' title='IMG_5223 vf'  height=\"684\" width=\"845\"  itemprop=\"thumbnailUrl\" srcset=\"https:\/\/www.shamaretreats.com\/wp-content\/uploads\/2019\/02\/IMG_5223-vf-845x684.jpg 845w, https:\/\/www.shamaretreats.com\/wp-content\/uploads\/2019\/02\/IMG_5223-vf-495x400.jpg 495w\" sizes=\"(max-width: 845px) 100vw, 845px\" \/><\/a><\/div><\/div><\/div><\/div>\n<style type=\"text\/css\" data-created_by=\"avia_inline_auto\" id=\"style-css-av-38wqco-ba885cfd93714ae1f22b68b6716bf1a0\">\n.flex_column.av-38wqco-ba885cfd93714ae1f22b68b6716bf1a0{\nborder-radius:0px 0px 0px 0px;\npadding:0px 0px 0px 0px;\n}\n<\/style>\n<div  class='flex_column av-38wqco-ba885cfd93714ae1f22b68b6716bf1a0 av_three_fifth  avia-builder-el-8  el_after_av_two_fifth  avia-builder-el-last  flex_column_div av-zero-column-padding  '     ><p>\n<style type=\"text\/css\" data-created_by=\"avia_inline_auto\" id=\"style-css-av-av_heading-9f776febdaf5c1ee7ea6e33ef96bc6b8\">\n#top .av-special-heading.av-av_heading-9f776febdaf5c1ee7ea6e33ef96bc6b8{\npadding-bottom:10px;\nfont-size:28px;\n}\nbody .av-special-heading.av-av_heading-9f776febdaf5c1ee7ea6e33ef96bc6b8 .av-special-heading-tag .heading-char{\nfont-size:25px;\n}\n#top #wrap_all .av-special-heading.av-av_heading-9f776febdaf5c1ee7ea6e33ef96bc6b8 .av-special-heading-tag{\nfont-size:28px;\n}\n.av-special-heading.av-av_heading-9f776febdaf5c1ee7ea6e33ef96bc6b8 .av-subheading{\nfont-size:15px;\n}\n\n@media only screen and (min-width: 480px) and (max-width: 767px){ \n#top #wrap_all .av-special-heading.av-av_heading-9f776febdaf5c1ee7ea6e33ef96bc6b8 .av-special-heading-tag{\nfont-size:0.8em;\n}\n}\n\n@media only screen and (max-width: 479px){ \n#top #wrap_all .av-special-heading.av-av_heading-9f776febdaf5c1ee7ea6e33ef96bc6b8 .av-special-heading-tag{\nfont-size:0.8em;\n}\n}\n<\/style>\n<div  class='av-special-heading av-av_heading-9f776febdaf5c1ee7ea6e33ef96bc6b8 av-special-heading-h3 blockquote modern-quote  avia-builder-el-9  el_before_av_textblock  avia-builder-el-first  av-inherit-size'><h3 class='av-special-heading-tag '  itemprop=\"headline\"  >\u00abEmbodied Wisdom and Bliss:<br \/>\nPsoas, nervous system and pelvis power\u00bb<br \/>\ncon Sandra Carson. <\/h3><div class='av-subheading av-subheading_below'><p>Madrid. 30-31 de Marzo, 2019<\/p>\n<\/div><div class=\"special-heading-border\"><div class=\"special-heading-inner-border\"><\/div><\/div><\/div><br \/>\n<section  class='av_textblock_section av-jqxy7g0h-d7150b78e57b9a0fb1af15147cdd3b54 '   itemscope=\"itemscope\" itemtype=\"https:\/\/schema.org\/CreativeWork\" ><div class='avia_textblock'  itemprop=\"text\" ><div id=\"comp-j7kuxzu7\" class=\"txtNew\" data-packed=\"false\" data-min-height=\"352\">\n<p class=\"font_7\" style=\"text-align: justify;\"><em>El curso se impartir\u00e1 en ingl\u00e9s, con traducci\u00f3n simultanea al espa\u00f1ol.<\/em><\/p>\n<section class=\"av_textblock_section \">\n<div class=\"avia_textblock \">\n<div id=\"comp-j7kuxzu7\" class=\"txtNew\" data-packed=\"false\" data-min-height=\"352\">\n<p style=\"text-align: justify;\">Pr\u00e1ctica con Sandra Carson, profesora internacional de yoga senior (E-RYT500) y certificada de Anusara\u00ae \u00a0y aprende a flexibilizar tu psoas y crear estabilidad en tu movimiento.<\/p>\n<p>En estos talleres de fin de semana, entraras en contacto con tu psoas, exploraras el movimiento fluido, la alineaci\u00f3n y la estabilidad en la zona p\u00e9lvica, aprender\u00e1s a liberar la tensi\u00f3n acumulada en el psoas y a llevar a tu sistema nervioso a un nuevo estado de relajaci\u00f3n.<\/p>\n<p style=\"text-align: justify;\">El taller es accesible y recomendable para practicantes de yoga de todos los niveles que quieran aprender nuevos patrones de movimiento.<\/p>\n<p style=\"text-align: justify;\">Si eres profesor de yoga certificado, podr\u00e1s acreditar el curso como horas de educaci\u00f3n continua con Yoga Alliance.<\/p>\n<p style=\"text-align: justify;\">Lugar:\u00a0<a href=\"http:\/\/www.movebydorta.com\/\">Move by Dorta<\/a>. Calle Doctor Castelo, 39, Madrid<\/p>\n<\/div>\n<div id=\"comp-j7kuxzu1\" class=\"style-jqi9m0fz\" data-align=\"center\" data-disabled=\"false\" data-margin=\"0\" data-should-use-flex=\"true\" data-width=\"186\" data-height=\"40\" data-state=\"desktop shouldUseFlex center\"><\/div>\n<\/div>\n<\/section>\n<\/div>\n<div id=\"comp-j7kuxzu1\" class=\"style-jqi9m0fz\" style=\"text-align: justify;\" data-align=\"center\" data-disabled=\"false\" data-margin=\"0\" data-should-use-flex=\"true\" data-width=\"186\" data-height=\"40\" data-state=\"desktop shouldUseFlex center\"><\/div>\n<\/div><\/section><br \/>\n<div  class='avia-button-wrap av-jrxoamb9-36b6ef8db37b25a5edaec93fc11790c3-wrap avia-button-left  avia-builder-el-11  el_after_av_textblock  avia-builder-el-last '><a href='https:\/\/www.shamaretreats.com\/es\/?post_type=portfolio&p=2882'  class='avia-button av-jrxoamb9-36b6ef8db37b25a5edaec93fc11790c3 av-link-btn avia-icon_select-no avia-size-medium avia-position-left avia-color-theme-color'   aria-label=\"Leer m\u00e1s\"><span class='avia_iconbox_title' >Leer m\u00e1s<\/span><\/a><\/div><\/p><\/div><\/div><\/div><\/div><!-- close content main div --><\/div><\/div><div id='av_section_4'  class='avia-section av-e1gg8-6e5d0ca34b6090ca81eec9726baf4fdd main_color avia-section-default avia-no-border-styling  avia-builder-el-12  el_after_av_section  avia-builder-el-last  avia-bg-style-scroll container_wrap sidebar_right'  ><div class='container av-section-cont-open' ><div class='template-page content  av-content-small alpha units'><div class='post-entry post-entry-type-page post-entry-1886'><div class='entry-content-wrapper clearfix'>\n\n<style type=\"text\/css\" data-created_by=\"avia_inline_auto\" id=\"style-css-av-45i008-f8adc08e885e7ed1ff435ce2aa804bf2\">\n.flex_column.av-45i008-f8adc08e885e7ed1ff435ce2aa804bf2{\nborder-radius:0px 0px 0px 0px;\npadding:0px 0px 0px 0px;\n}\n<\/style>\n<div  class='flex_column av-45i008-f8adc08e885e7ed1ff435ce2aa804bf2 av_two_fifth  avia-builder-el-13  el_before_av_three_fifth  avia-builder-el-first  first flex_column_div av-zero-column-padding  '     ><style type=\"text\/css\" data-created_by=\"avia_inline_auto\" id=\"style-css-av-jqxy6jyc-4a58e5269950b27c92fa287c1aeeed1d\">\n.avia-image-container.av-jqxy6jyc-4a58e5269950b27c92fa287c1aeeed1d img.avia_image{\nbox-shadow:none;\n}\n.avia-image-container.av-jqxy6jyc-4a58e5269950b27c92fa287c1aeeed1d .av-image-caption-overlay-center{\ncolor:#ffffff;\n}\n<\/style>\n<div  class='avia-image-container av-jqxy6jyc-4a58e5269950b27c92fa287c1aeeed1d av-styling- avia-align-center  avia-builder-el-14  avia-builder-el-no-sibling '   itemprop=\"image\" itemscope=\"itemscope\" itemtype=\"https:\/\/schema.org\/ImageObject\" ><div class=\"avia-image-container-inner\"><div class=\"avia-image-overlay-wrap\"><img fetchpriority=\"high\" fetchpriority=\"high\" decoding=\"async\" fetchpriority=\"high\" class='wp-image-4314 avia-img-lazy-loading-not-4314 avia_image ' src=\"https:\/\/www.shamaretreats.com\/wp-content\/uploads\/2017\/12\/19237946_1375630839185409_7355574712930126775_o-495x400.jpg\" alt='' title='19237946_1375630839185409_7355574712930126775_o'  height=\"400\" width=\"495\"  itemprop=\"thumbnailUrl\" srcset=\"https:\/\/www.shamaretreats.com\/wp-content\/uploads\/2017\/12\/19237946_1375630839185409_7355574712930126775_o-495x400.jpg 495w, https:\/\/www.shamaretreats.com\/wp-content\/uploads\/2017\/12\/19237946_1375630839185409_7355574712930126775_o-845x684.jpg 845w\" sizes=\"(max-width: 495px) 100vw, 495px\" \/><\/div><\/div><\/div><\/div>\n<style type=\"text\/css\" data-created_by=\"avia_inline_auto\" id=\"style-css-av-38wqco-ba885cfd93714ae1f22b68b6716bf1a0\">\n.flex_column.av-38wqco-ba885cfd93714ae1f22b68b6716bf1a0{\nborder-radius:0px 0px 0px 0px;\npadding:0px 0px 0px 0px;\n}\n<\/style>\n<div  class='flex_column av-38wqco-ba885cfd93714ae1f22b68b6716bf1a0 av_three_fifth  avia-builder-el-15  el_after_av_two_fifth  avia-builder-el-last  flex_column_div av-zero-column-padding  '     ><p>\n<style type=\"text\/css\" data-created_by=\"avia_inline_auto\" id=\"style-css-av-av_heading-fd60245f84d8714f4ade1da0b96c1997\">\n#top .av-special-heading.av-av_heading-fd60245f84d8714f4ade1da0b96c1997{\npadding-bottom:10px;\nfont-size:28px;\n}\nbody .av-special-heading.av-av_heading-fd60245f84d8714f4ade1da0b96c1997 .av-special-heading-tag .heading-char{\nfont-size:25px;\n}\n#top #wrap_all .av-special-heading.av-av_heading-fd60245f84d8714f4ade1da0b96c1997 .av-special-heading-tag{\nfont-size:28px;\n}\n.av-special-heading.av-av_heading-fd60245f84d8714f4ade1da0b96c1997 .av-subheading{\nfont-size:15px;\n}\n\n@media only screen and (min-width: 480px) and (max-width: 767px){ \n#top #wrap_all .av-special-heading.av-av_heading-fd60245f84d8714f4ade1da0b96c1997 .av-special-heading-tag{\nfont-size:0.8em;\n}\n}\n\n@media only screen and (max-width: 479px){ \n#top #wrap_all .av-special-heading.av-av_heading-fd60245f84d8714f4ade1da0b96c1997 .av-special-heading-tag{\nfont-size:0.8em;\n}\n}\n<\/style>\n<div  class='av-special-heading av-av_heading-fd60245f84d8714f4ade1da0b96c1997 av-special-heading-h3 blockquote modern-quote  avia-builder-el-16  el_before_av_textblock  avia-builder-el-first  av-inherit-size'><h3 class='av-special-heading-tag '  itemprop=\"headline\"  >Masterclass \u00abTwist and Cleanse\u00bb &amp;<br \/>\nTaller \u00abAll about Sequencing\u00bb<br \/>\ncon Joan Hyman. Madrid.<\/h3><div class='av-subheading av-subheading_below'><p>23 de Junio de 2019<\/p>\n<\/div><div class=\"special-heading-border\"><div class=\"special-heading-inner-border\"><\/div><\/div><\/div><br \/>\n<section  class='av_textblock_section av-jqxy7g0h-d7150b78e57b9a0fb1af15147cdd3b54 '   itemscope=\"itemscope\" itemtype=\"https:\/\/schema.org\/CreativeWork\" ><div class='avia_textblock'  itemprop=\"text\" ><div id=\"comp-j7kuxzu7\" class=\"txtNew\" data-packed=\"false\" data-min-height=\"352\">\n<p style=\"text-align: justify;\">Joan Hyman, profesora senior en los estudios Yogaworks y Wanderlust de Los \u00c1ngeles, Estados Unidos, con m\u00e1s de 20 a\u00f1os de ense\u00f1anza internacional, visita por segunda vez Espa\u00f1a para impartir una Masterclass y un taller intensivo.<\/p>\n<p style=\"text-align: justify;\">Vinyasa Flow Masterclass con m\u00fasica en directo: Twist and Cleanse. 10 &#8211; 11.30. Abierta a cualquier nivel de pr\u00e1ctica.<\/p>\n<p style=\"text-align: justify;\">Taller: All about sequencing. 1.00 &#8211; 4.00. Aprende c\u00f3mo crear secuencias transformadoras, \u00fanicas, fluidas y completas para tus clases de yoga y tu pr\u00e1ctica. Dirigida a profesores de yoga, estudiantes de formaci\u00f3n de profesores o personas con pr\u00e1ctica personal de yoga.<\/p>\n<p style=\"text-align: justify;\">El taller contar\u00e1 con traducci\u00f3n simultanea al espa\u00f1ol.<\/p>\n<p style=\"text-align: justify;\">Lugar: <a href=\"http:\/\/ayoga.es\">AyogA<\/a>. C\/ Atocha 56. Madrid<\/p>\n<\/div>\n<div id=\"comp-j7kuxzu7\" class=\"txtNew\" data-packed=\"false\" data-min-height=\"352\"><\/div>\n<div id=\"comp-j7kuxzu1\" class=\"style-jqi9m0fz\" style=\"text-align: justify;\" data-align=\"center\" data-disabled=\"false\" data-margin=\"0\" data-should-use-flex=\"true\" data-width=\"186\" data-height=\"40\" data-state=\"desktop shouldUseFlex center\"><\/div>\n<\/div><\/section><br \/>\n<div  class='avia-button-wrap av-jrxoamb9-356bec241b3ddddbeb628f838b642c6a-wrap avia-button-left  avia-builder-el-18  el_after_av_textblock  avia-builder-el-last '><a href='https:\/\/www.shamaretreats.com\/es\/taller-yoga-joan-hyman-madrid-2019\/'  class='avia-button av-jrxoamb9-356bec241b3ddddbeb628f838b642c6a av-link-btn avia-icon_select-no avia-size-medium avia-position-left avia-color-theme-color'   aria-label=\"Leer m\u00e1s\"><span class='avia_iconbox_title' >Leer m\u00e1s<\/span><\/a><\/div><\/p><\/div><\/div><\/div><\/div><!-- close content main div --><\/div><\/div><div id='after_section_4'  class='main_color av_default_container_wrap container_wrap sidebar_right'  ><div class='container av-section-cont-open' ><div class='template-page content  av-content-small alpha units'><div class='post-entry post-entry-type-page post-entry-1886'><div class='entry-content-wrapper clearfix'><\/p>\n","protected":false},"excerpt":{"rendered":"","protected":false},"author":1,"featured_media":0,"parent":0,"menu_order":0,"comment_status":"closed","ping_status":"closed","template":"","meta":{"footnotes":""},"class_list":["post-1886","page","type-page","status-publish","hentry"],"yoast_head":"<!-- This site is optimized with the Yoast SEO plugin v27.4 - https:\/\/yoast.com\/product\/yoast-seo-wordpress\/ -->\n<title>Talleres de Yoga en Madrid con profesores Internacionales<\/title>\n<meta name=\"robots\" content=\"index, follow, max-snippet:-1, max-image-preview:large, max-video-preview:-1\" \/>\n<link rel=\"canonical\" href=\"https:\/\/www.shamaretreats.com\/es\/talleres-yoga\/\" \/>\n<meta property=\"og:locale\" content=\"es_ES\" \/>\n<meta property=\"og:type\" content=\"article\" \/>\n<meta property=\"og:title\" content=\"Talleres de Yoga en Madrid con profesores Internacionales\" \/>\n<meta property=\"og:url\" content=\"https:\/\/www.shamaretreats.com\/es\/talleres-yoga\/\" \/>\n<meta property=\"og:site_name\" content=\"Shama Retreats\" \/>\n<meta property=\"article:modified_time\" content=\"2019-07-17T01:15:31+00:00\" \/>\n<meta name=\"twitter:card\" content=\"summary_large_image\" \/>\n<meta name=\"twitter:label1\" content=\"Tiempo de lectura\" \/>\n\t<meta name=\"twitter:data1\" content=\"9 minutos\" \/>\n<script type=\"application\/ld+json\" class=\"yoast-schema-graph\">{\"@context\":\"https:\\\/\\\/schema.org\",\"@graph\":[{\"@type\":\"WebPage\",\"@id\":\"https:\\\/\\\/www.shamaretreats.com\\\/es\\\/talleres-yoga\\\/\",\"url\":\"https:\\\/\\\/www.shamaretreats.com\\\/es\\\/talleres-yoga\\\/\",\"name\":\"Talleres de Yoga en Madrid con profesores Internacionales\",\"isPartOf\":{\"@id\":\"https:\\\/\\\/www.shamaretreats.com\\\/es\\\/#website\"},\"datePublished\":\"2017-11-23T22:59:02+00:00\",\"dateModified\":\"2019-07-17T01:15:31+00:00\",\"breadcrumb\":{\"@id\":\"https:\\\/\\\/www.shamaretreats.com\\\/es\\\/talleres-yoga\\\/#breadcrumb\"},\"inLanguage\":\"es\",\"potentialAction\":[{\"@type\":\"ReadAction\",\"target\":[\"https:\\\/\\\/www.shamaretreats.com\\\/es\\\/talleres-yoga\\\/\"]}]},{\"@type\":\"BreadcrumbList\",\"@id\":\"https:\\\/\\\/www.shamaretreats.com\\\/es\\\/talleres-yoga\\\/#breadcrumb\",\"itemListElement\":[{\"@type\":\"ListItem\",\"position\":1,\"name\":\"Portada\",\"item\":\"https:\\\/\\\/www.shamaretreats.com\\\/es\\\/yoga-and-meditation-retreats-in-spain-es-elem\\\/\"},{\"@type\":\"ListItem\",\"position\":2,\"name\":\"Talleres\"}]},{\"@type\":\"WebSite\",\"@id\":\"https:\\\/\\\/www.shamaretreats.com\\\/es\\\/#website\",\"url\":\"https:\\\/\\\/www.shamaretreats.com\\\/es\\\/\",\"name\":\"Shama Retreats\",\"description\":\"Yoga and Meditation retreats\",\"potentialAction\":[{\"@type\":\"SearchAction\",\"target\":{\"@type\":\"EntryPoint\",\"urlTemplate\":\"https:\\\/\\\/www.shamaretreats.com\\\/es\\\/?s={search_term_string}\"},\"query-input\":{\"@type\":\"PropertyValueSpecification\",\"valueRequired\":true,\"valueName\":\"search_term_string\"}}],\"inLanguage\":\"es\"}]}<\/script>\n<!-- \/ Yoast SEO plugin. -->","yoast_head_json":{"title":"Talleres de Yoga en Madrid con profesores Internacionales","robots":{"index":"index","follow":"follow","max-snippet":"max-snippet:-1","max-image-preview":"max-image-preview:large","max-video-preview":"max-video-preview:-1"},"canonical":"https:\/\/www.shamaretreats.com\/es\/talleres-yoga\/","og_locale":"es_ES","og_type":"article","og_title":"Talleres de Yoga en Madrid con profesores Internacionales","og_url":"https:\/\/www.shamaretreats.com\/es\/talleres-yoga\/","og_site_name":"Shama Retreats","article_modified_time":"2019-07-17T01:15:31+00:00","twitter_card":"summary_large_image","twitter_misc":{"Tiempo de lectura":"9 minutos"},"schema":{"@context":"https:\/\/schema.org","@graph":[{"@type":"WebPage","@id":"https:\/\/www.shamaretreats.com\/es\/talleres-yoga\/","url":"https:\/\/www.shamaretreats.com\/es\/talleres-yoga\/","name":"Talleres de Yoga en Madrid con profesores Internacionales","isPartOf":{"@id":"https:\/\/www.shamaretreats.com\/es\/#website"},"datePublished":"2017-11-23T22:59:02+00:00","dateModified":"2019-07-17T01:15:31+00:00","breadcrumb":{"@id":"https:\/\/www.shamaretreats.com\/es\/talleres-yoga\/#breadcrumb"},"inLanguage":"es","potentialAction":[{"@type":"ReadAction","target":["https:\/\/www.shamaretreats.com\/es\/talleres-yoga\/"]}]},{"@type":"BreadcrumbList","@id":"https:\/\/www.shamaretreats.com\/es\/talleres-yoga\/#breadcrumb","itemListElement":[{"@type":"ListItem","position":1,"name":"Portada","item":"https:\/\/www.shamaretreats.com\/es\/yoga-and-meditation-retreats-in-spain-es-elem\/"},{"@type":"ListItem","position":2,"name":"Talleres"}]},{"@type":"WebSite","@id":"https:\/\/www.shamaretreats.com\/es\/#website","url":"https:\/\/www.shamaretreats.com\/es\/","name":"Shama Retreats","description":"Yoga and Meditation retreats","potentialAction":[{"@type":"SearchAction","target":{"@type":"EntryPoint","urlTemplate":"https:\/\/www.shamaretreats.com\/es\/?s={search_term_string}"},"query-input":{"@type":"PropertyValueSpecification","valueRequired":true,"valueName":"search_term_string"}}],"inLanguage":"es"}]}},"_links":{"self":[{"href":"https:\/\/www.shamaretreats.com\/es\/wp-json\/wp\/v2\/pages\/1886","targetHints":{"allow":["GET"]}}],"collection":[{"href":"https:\/\/www.shamaretreats.com\/es\/wp-json\/wp\/v2\/pages"}],"about":[{"href":"https:\/\/www.shamaretreats.com\/es\/wp-json\/wp\/v2\/types\/page"}],"author":[{"embeddable":true,"href":"https:\/\/www.shamaretreats.com\/es\/wp-json\/wp\/v2\/users\/1"}],"replies":[{"embeddable":true,"href":"https:\/\/www.shamaretreats.com\/es\/wp-json\/wp\/v2\/comments?post=1886"}],"version-history":[{"count":44,"href":"https:\/\/www.shamaretreats.com\/es\/wp-json\/wp\/v2\/pages\/1886\/revisions"}],"predecessor-version":[{"id":3682,"href":"https:\/\/www.shamaretreats.com\/es\/wp-json\/wp\/v2\/pages\/1886\/revisions\/3682"}],"wp:attachment":[{"href":"https:\/\/www.shamaretreats.com\/es\/wp-json\/wp\/v2\/media?parent=1886"}],"curies":[{"name":"wp","href":"https:\/\/api.w.org\/{rel}","templated":true}]}}