{"id":1248,"date":"2017-05-31T14:34:56","date_gmt":"2017-05-31T12:34:56","guid":{"rendered":"http:\/\/www.shamaretreats.com\/es\/meditation-and-healing\/"},"modified":"2025-10-24T11:57:13","modified_gmt":"2025-10-24T09:57:13","slug":"yoga-online-y-terapias-presenciales","status":"publish","type":"page","link":"https:\/\/www.shamaretreats.com\/es\/yoga-online-y-terapias-presenciales\/","title":{"rendered":"Clases y Terapias"},"content":{"rendered":"\n<style type=\"text\/css\" data-created_by=\"avia_inline_auto\" id=\"style-css-av-1tacamo-0e453fe2eb8362076a610a3c8e062eb3\">\n.avia-section.av-1tacamo-0e453fe2eb8362076a610a3c8e062eb3{\nbackground-repeat:no-repeat;\nbackground-image:url(https:\/\/www.shamaretreats.com\/wp-content\/uploads\/2017\/05\/groupmeditation-beach-1500x480.jpg);\nbackground-position:50% 50%;\nbackground-attachment:scroll;\n}\n.avia-section.av-1tacamo-0e453fe2eb8362076a610a3c8e062eb3 .av-section-color-overlay{\nopacity:0.4;\nbackground-color:#000000;\n}\n<\/style>\n<div id='av_section_1'  class='avia-section av-1tacamo-0e453fe2eb8362076a610a3c8e062eb3 main_color avia-section-large avia-no-border-styling  avia-builder-el-0  el_before_av_section  avia-builder-el-first  avia-full-stretch avia-bg-style-scroll av-section-color-overlay-active container_wrap sidebar_right'  data-section-bg-repeat='stretch'><div class=\"av-section-color-overlay-wrap\"><div class=\"av-section-color-overlay\"><\/div><div class='container av-section-cont-open' ><main  role=\"main\" itemprop=\"mainContentOfPage\"  class='template-page content  av-content-small alpha units'><div class='post-entry post-entry-type-page post-entry-1248'><div class='entry-content-wrapper clearfix'>\n\n<style type=\"text\/css\" data-created_by=\"avia_inline_auto\" id=\"style-css-av-kfmk887h-84f72c519108dd477896d9e7f62523a2\">\n#top .av-special-heading.av-kfmk887h-84f72c519108dd477896d9e7f62523a2{\npadding-bottom:10px;\ncolor:#ffffff;\nfont-size:70px;\n}\nbody .av-special-heading.av-kfmk887h-84f72c519108dd477896d9e7f62523a2 .av-special-heading-tag .heading-char{\nfont-size:25px;\n}\n#top #wrap_all .av-special-heading.av-kfmk887h-84f72c519108dd477896d9e7f62523a2 .av-special-heading-tag{\nfont-size:70px;\n}\n.av-special-heading.av-kfmk887h-84f72c519108dd477896d9e7f62523a2 .special-heading-inner-border{\nborder-color:#ffffff;\n}\n.av-special-heading.av-kfmk887h-84f72c519108dd477896d9e7f62523a2 .av-subheading{\nfont-size:15px;\n}\n\n@media only screen and (min-width: 480px) and (max-width: 767px){ \n#top #wrap_all .av-special-heading.av-kfmk887h-84f72c519108dd477896d9e7f62523a2 .av-special-heading-tag{\nfont-size:0.8em;\n}\n}\n\n@media only screen and (max-width: 479px){ \n#top #wrap_all .av-special-heading.av-kfmk887h-84f72c519108dd477896d9e7f62523a2 .av-special-heading-tag{\nfont-size:0.8em;\n}\n}\n<\/style>\n<div  class='av-special-heading av-kfmk887h-84f72c519108dd477896d9e7f62523a2 av-special-heading-h6 custom-color-heading blockquote modern-quote modern-centered  avia-builder-el-1  avia-builder-el-no-sibling  av-inherit-size'><h6 class='av-special-heading-tag '  itemprop=\"headline\"  >Clases de Yoga y Meditaci\u00f3n y Terapias<\/h6><div class=\"special-heading-border\"><div class=\"special-heading-inner-border\"><\/div><\/div><\/div>\n<\/div><\/div><\/main><!-- close content main element --><\/div><\/div><\/div><div id='av_section_2'  class='avia-section av-1psxz74-67f77e745e23c3a9519730e919b73894 main_color avia-section-default avia-no-shadow  avia-builder-el-2  el_after_av_section  el_before_av_section  avia-bg-style-scroll container_wrap sidebar_right'  ><div class='container av-section-cont-open' ><div class='template-page content  av-content-small alpha units'><div class='post-entry post-entry-type-page post-entry-1248'><div class='entry-content-wrapper clearfix'>\n<section  class='av_textblock_section av-1o9iy7k-5de7e0871dd49cefab420e327d16265a '   itemscope=\"itemscope\" itemtype=\"https:\/\/schema.org\/CreativeWork\" ><div class='avia_textblock'  itemprop=\"text\" ><h3 style=\"text-align: justify;\">En Shama Retreats combinamos la organizaci\u00f3n de retiros en la naturaleza, con nuestra propia pr\u00e1ctica de yoga y meditaci\u00f3n.<\/h3>\n<p style=\"text-align: justify;\">Creemos que estar comprometidos con nuestro camino personal de evoluci\u00f3n es esencial para ofrecer desde el coraz\u00f3n una experiencia cuidada donde el aprendizaje y la transformaci\u00f3n sean posibles.<\/p>\n<p style=\"text-align: justify;\">Adem\u00e1s de las actividades que ofrecemos en los retiros, compartimos <strong>clases de meditaci\u00f3n y yoga, encuentros de reflexi\u00f3n y talleres con profesoras invitadas<\/strong>, en modalidad presencial y online, donde nos acompa\u00f1amos y sostenemos en este camino de evoluci\u00f3n.<\/p>\n<p style=\"text-align: justify;\">Proporcionamos tambi\u00e9n sesiones individuales de distintas terapias y t\u00e9cnicas energ\u00e9ticas, tanto durante los retiros, como bajo cita previa en Madrid y C\u00f3rdoba.<\/p>\n<\/div><\/section>\n<\/div><\/div><\/div><!-- close content main div --><\/div><\/div><div id='av_section_3'  class='avia-section av-1psxz74-67f77e745e23c3a9519730e919b73894 main_color avia-section-default avia-no-shadow  avia-builder-el-4  el_after_av_section  avia-builder-el-last  avia-bg-style-scroll container_wrap sidebar_right'  ><div class='container av-section-cont-open' ><div class='template-page content  av-content-small alpha units'><div class='post-entry post-entry-type-page post-entry-1248'><div class='entry-content-wrapper clearfix'>\n\n<style type=\"text\/css\" data-created_by=\"avia_inline_auto\" id=\"style-css-av-ck817k-a9d640f968c209abeff2aa1986a32d2d\">\n.flex_column.av-ck817k-a9d640f968c209abeff2aa1986a32d2d{\nborder-radius:0px 0px 0px 0px;\npadding:0px 0px 0px 0px;\n}\n<\/style>\n<div  class='flex_column av-ck817k-a9d640f968c209abeff2aa1986a32d2d av_one_half  avia-builder-el-5  el_before_av_one_half  avia-builder-el-first  first flex_column_div av-zero-column-padding  '     ><style type=\"text\/css\" data-created_by=\"avia_inline_auto\" id=\"style-css-av-1kg9w4g-fba10b277361f9db9f9ed98318f0d659\">\n.avia-image-container.av-1kg9w4g-fba10b277361f9db9f9ed98318f0d659 img.avia_image{\nbox-shadow:none;\n}\n.avia-image-container.av-1kg9w4g-fba10b277361f9db9f9ed98318f0d659 .av-caption-image-overlay-bg{\nopacity:0.4;\nbackground-color:#000000;\n}\n.avia-image-container.av-1kg9w4g-fba10b277361f9db9f9ed98318f0d659 .av-image-caption-overlay-center{\ncolor:#ffffff;\n}\n<\/style>\n<div  class='avia-image-container av-1kg9w4g-fba10b277361f9db9f9ed98318f0d659 av-styling- av-img-linked avia-align-center  avia-builder-el-6  avia-builder-el-no-sibling  noHover av-overlay-hover-deactivate'   itemprop=\"image\" itemscope=\"itemscope\" itemtype=\"https:\/\/schema.org\/ImageObject\" ><div class=\"avia-image-container-inner\"><div class=\"avia-image-overlay-wrap\"><a href=\"https:\/\/www.shamaretreats.com\/es\/clases-yoga-y-meditacion-online\/\" class='avia_image '  ><div class=\"av-image-caption-overlay\"><div class=\"av-caption-image-overlay-bg\"><\/div><div class=\"av-image-caption-overlay-position\"><div class=\"av-image-caption-overlay-center\"><p>Clases y talleres<br \/>\nde yoga y meditaci\u00f3n<\/p>\n<\/div><\/div><\/div><img fetchpriority=\"high\" fetchpriority=\"high\" decoding=\"async\" fetchpriority=\"high\" class='wp-image-5963 avia-img-lazy-loading-not-5963 avia_image ' src=\"https:\/\/www.shamaretreats.com\/wp-content\/uploads\/2020\/09\/Web-1-495x400.png\" alt='' title=''  height=\"400\" width=\"495\"  itemprop=\"thumbnailUrl\"  \/><\/a><\/div><\/div><\/div><\/div>\n<style type=\"text\/css\" data-created_by=\"avia_inline_auto\" id=\"style-css-av-a4zdxs-927b1caab2c1dd217b01424d14ceedbb\">\n.flex_column.av-a4zdxs-927b1caab2c1dd217b01424d14ceedbb{\nborder-radius:0px 0px 0px 0px;\npadding:0px 0px 0px 0px;\n}\n<\/style>\n<div  class='flex_column av-a4zdxs-927b1caab2c1dd217b01424d14ceedbb av_one_half  avia-builder-el-7  el_after_av_one_half  avia-builder-el-last  flex_column_div av-zero-column-padding  '     ><style type=\"text\/css\" data-created_by=\"avia_inline_auto\" id=\"style-css-av-1kg9w4g-da52698c79d3626959662aa29165f8e9\">\n.avia-image-container.av-1kg9w4g-da52698c79d3626959662aa29165f8e9 img.avia_image{\nbox-shadow:none;\n}\n.avia-image-container.av-1kg9w4g-da52698c79d3626959662aa29165f8e9 .av-caption-image-overlay-bg{\nopacity:0.4;\nbackground-color:#000000;\n}\n.avia-image-container.av-1kg9w4g-da52698c79d3626959662aa29165f8e9 .av-image-caption-overlay-center{\ncolor:#ffffff;\n}\n<\/style>\n<div  class='avia-image-container av-1kg9w4g-da52698c79d3626959662aa29165f8e9 av-styling- av-img-linked avia-align-center  avia-builder-el-8  avia-builder-el-no-sibling  noHover av-overlay-hover-deactivate'   itemprop=\"image\" itemscope=\"itemscope\" itemtype=\"https:\/\/schema.org\/ImageObject\" ><div class=\"avia-image-container-inner\"><div class=\"avia-image-overlay-wrap\"><a href=\"https:\/\/www.shamaretreats.com\/es\/sesiones-individuales-terapias\/\" class='avia_image '  ><div class=\"av-image-caption-overlay\"><div class=\"av-caption-image-overlay-bg\"><\/div><div class=\"av-image-caption-overlay-position\"><div class=\"av-image-caption-overlay-center\"><p>Sesiones individuales de<br \/>\nterapias energ\u00e9ticas<\/p>\n<\/div><\/div><\/div><img fetchpriority=\"high\" fetchpriority=\"high\" decoding=\"async\" fetchpriority=\"high\" class='wp-image-5988 avia-img-lazy-loading-not-5988 avia_image ' src=\"https:\/\/www.shamaretreats.com\/wp-content\/uploads\/2020\/09\/Web-9-495x400.png\" alt='' title=''  height=\"400\" width=\"495\"  itemprop=\"thumbnailUrl\"  \/><\/a><\/div><\/div><\/div><\/div><\/div><\/div><\/div><!-- close content main div --><\/div><\/div><div id='after_section_3'  class='main_color av_default_container_wrap container_wrap sidebar_right'  ><div class='container av-section-cont-open' ><div class='template-page content  av-content-small alpha units'><div class='post-entry post-entry-type-page post-entry-1248'><div class='entry-content-wrapper clearfix'><\/p>\n","protected":false},"excerpt":{"rendered":"","protected":false},"author":1,"featured_media":5963,"parent":0,"menu_order":0,"comment_status":"open","ping_status":"open","template":"","meta":{"footnotes":""},"class_list":["post-1248","page","type-page","status-publish","has-post-thumbnail","hentry"],"yoast_head":"<!-- This site is optimized with the Yoast SEO plugin v27.4 - https:\/\/yoast.com\/product\/yoast-seo-wordpress\/ -->\n<title>Clases de yoga online y sesiones de meditaci\u00f3n online<\/title>\n<meta name=\"description\" content=\"Clases de yoga online, sesiones de meditaci\u00f3n online, relajaciones guiadas, encuentros para la transformaci\u00f3n personal.\" \/>\n<meta name=\"robots\" content=\"index, follow, max-snippet:-1, max-image-preview:large, max-video-preview:-1\" \/>\n<link rel=\"canonical\" href=\"https:\/\/www.shamaretreats.com\/es\/yoga-online-y-terapias-presenciales\/\" \/>\n<meta property=\"og:locale\" content=\"es_ES\" \/>\n<meta property=\"og:type\" content=\"article\" \/>\n<meta property=\"og:title\" content=\"Clases de yoga online y sesiones de meditaci\u00f3n online\" \/>\n<meta property=\"og:description\" content=\"Clases de yoga online, sesiones de meditaci\u00f3n online, relajaciones guiadas, encuentros para la transformaci\u00f3n personal.\" \/>\n<meta property=\"og:url\" content=\"https:\/\/www.shamaretreats.com\/es\/yoga-online-y-terapias-presenciales\/\" \/>\n<meta property=\"og:site_name\" content=\"Shama Retreats\" \/>\n<meta property=\"article:modified_time\" content=\"2025-10-24T09:57:13+00:00\" \/>\n<meta property=\"og:image\" content=\"https:\/\/www.shamaretreats.com\/wp-content\/uploads\/2020\/09\/Web-1.png\" \/>\n\t<meta property=\"og:image:width\" content=\"897\" \/>\n\t<meta property=\"og:image:height\" content=\"594\" \/>\n\t<meta property=\"og:image:type\" content=\"image\/png\" \/>\n<meta name=\"twitter:card\" content=\"summary_large_image\" \/>\n<meta name=\"twitter:label1\" content=\"Tiempo de lectura\" \/>\n\t<meta name=\"twitter:data1\" content=\"1 minuto\" \/>\n<script type=\"application\/ld+json\" class=\"yoast-schema-graph\">{\"@context\":\"https:\\\/\\\/schema.org\",\"@graph\":[{\"@type\":\"WebPage\",\"@id\":\"https:\\\/\\\/www.shamaretreats.com\\\/es\\\/yoga-online-y-terapias-presenciales\\\/\",\"url\":\"https:\\\/\\\/www.shamaretreats.com\\\/es\\\/yoga-online-y-terapias-presenciales\\\/\",\"name\":\"Clases de yoga online y sesiones de meditaci\u00f3n online\",\"isPartOf\":{\"@id\":\"https:\\\/\\\/www.shamaretreats.com\\\/es\\\/#website\"},\"primaryImageOfPage\":{\"@id\":\"https:\\\/\\\/www.shamaretreats.com\\\/es\\\/yoga-online-y-terapias-presenciales\\\/#primaryimage\"},\"image\":{\"@id\":\"https:\\\/\\\/www.shamaretreats.com\\\/es\\\/yoga-online-y-terapias-presenciales\\\/#primaryimage\"},\"thumbnailUrl\":\"https:\\\/\\\/www.shamaretreats.com\\\/wp-content\\\/uploads\\\/2020\\\/09\\\/Web-1.png\",\"datePublished\":\"2017-05-31T12:34:56+00:00\",\"dateModified\":\"2025-10-24T09:57:13+00:00\",\"description\":\"Clases de yoga online, sesiones de meditaci\u00f3n online, relajaciones guiadas, encuentros para la transformaci\u00f3n personal.\",\"breadcrumb\":{\"@id\":\"https:\\\/\\\/www.shamaretreats.com\\\/es\\\/yoga-online-y-terapias-presenciales\\\/#breadcrumb\"},\"inLanguage\":\"es\",\"potentialAction\":[{\"@type\":\"ReadAction\",\"target\":[\"https:\\\/\\\/www.shamaretreats.com\\\/es\\\/yoga-online-y-terapias-presenciales\\\/\"]}]},{\"@type\":\"ImageObject\",\"inLanguage\":\"es\",\"@id\":\"https:\\\/\\\/www.shamaretreats.com\\\/es\\\/yoga-online-y-terapias-presenciales\\\/#primaryimage\",\"url\":\"https:\\\/\\\/www.shamaretreats.com\\\/wp-content\\\/uploads\\\/2020\\\/09\\\/Web-1.png\",\"contentUrl\":\"https:\\\/\\\/www.shamaretreats.com\\\/wp-content\\\/uploads\\\/2020\\\/09\\\/Web-1.png\",\"width\":897,\"height\":594},{\"@type\":\"BreadcrumbList\",\"@id\":\"https:\\\/\\\/www.shamaretreats.com\\\/es\\\/yoga-online-y-terapias-presenciales\\\/#breadcrumb\",\"itemListElement\":[{\"@type\":\"ListItem\",\"position\":1,\"name\":\"Portada\",\"item\":\"https:\\\/\\\/www.shamaretreats.com\\\/es\\\/yoga-and-meditation-retreats-in-spain-es-elem\\\/\"},{\"@type\":\"ListItem\",\"position\":2,\"name\":\"Clases y Terapias\"}]},{\"@type\":\"WebSite\",\"@id\":\"https:\\\/\\\/www.shamaretreats.com\\\/es\\\/#website\",\"url\":\"https:\\\/\\\/www.shamaretreats.com\\\/es\\\/\",\"name\":\"Shama Retreats\",\"description\":\"Yoga and Meditation retreats\",\"potentialAction\":[{\"@type\":\"SearchAction\",\"target\":{\"@type\":\"EntryPoint\",\"urlTemplate\":\"https:\\\/\\\/www.shamaretreats.com\\\/es\\\/?s={search_term_string}\"},\"query-input\":{\"@type\":\"PropertyValueSpecification\",\"valueRequired\":true,\"valueName\":\"search_term_string\"}}],\"inLanguage\":\"es\"}]}<\/script>\n<!-- \/ Yoast SEO plugin. -->","yoast_head_json":{"title":"Clases de yoga online y sesiones de meditaci\u00f3n online","description":"Clases de yoga online, sesiones de meditaci\u00f3n online, relajaciones guiadas, encuentros para la transformaci\u00f3n personal.","robots":{"index":"index","follow":"follow","max-snippet":"max-snippet:-1","max-image-preview":"max-image-preview:large","max-video-preview":"max-video-preview:-1"},"canonical":"https:\/\/www.shamaretreats.com\/es\/yoga-online-y-terapias-presenciales\/","og_locale":"es_ES","og_type":"article","og_title":"Clases de yoga online y sesiones de meditaci\u00f3n online","og_description":"Clases de yoga online, sesiones de meditaci\u00f3n online, relajaciones guiadas, encuentros para la transformaci\u00f3n personal.","og_url":"https:\/\/www.shamaretreats.com\/es\/yoga-online-y-terapias-presenciales\/","og_site_name":"Shama Retreats","article_modified_time":"2025-10-24T09:57:13+00:00","og_image":[{"width":897,"height":594,"url":"https:\/\/www.shamaretreats.com\/wp-content\/uploads\/2020\/09\/Web-1.png","type":"image\/png"}],"twitter_card":"summary_large_image","twitter_misc":{"Tiempo de lectura":"1 minuto"},"schema":{"@context":"https:\/\/schema.org","@graph":[{"@type":"WebPage","@id":"https:\/\/www.shamaretreats.com\/es\/yoga-online-y-terapias-presenciales\/","url":"https:\/\/www.shamaretreats.com\/es\/yoga-online-y-terapias-presenciales\/","name":"Clases de yoga online y sesiones de meditaci\u00f3n online","isPartOf":{"@id":"https:\/\/www.shamaretreats.com\/es\/#website"},"primaryImageOfPage":{"@id":"https:\/\/www.shamaretreats.com\/es\/yoga-online-y-terapias-presenciales\/#primaryimage"},"image":{"@id":"https:\/\/www.shamaretreats.com\/es\/yoga-online-y-terapias-presenciales\/#primaryimage"},"thumbnailUrl":"https:\/\/www.shamaretreats.com\/wp-content\/uploads\/2020\/09\/Web-1.png","datePublished":"2017-05-31T12:34:56+00:00","dateModified":"2025-10-24T09:57:13+00:00","description":"Clases de yoga online, sesiones de meditaci\u00f3n online, relajaciones guiadas, encuentros para la transformaci\u00f3n personal.","breadcrumb":{"@id":"https:\/\/www.shamaretreats.com\/es\/yoga-online-y-terapias-presenciales\/#breadcrumb"},"inLanguage":"es","potentialAction":[{"@type":"ReadAction","target":["https:\/\/www.shamaretreats.com\/es\/yoga-online-y-terapias-presenciales\/"]}]},{"@type":"ImageObject","inLanguage":"es","@id":"https:\/\/www.shamaretreats.com\/es\/yoga-online-y-terapias-presenciales\/#primaryimage","url":"https:\/\/www.shamaretreats.com\/wp-content\/uploads\/2020\/09\/Web-1.png","contentUrl":"https:\/\/www.shamaretreats.com\/wp-content\/uploads\/2020\/09\/Web-1.png","width":897,"height":594},{"@type":"BreadcrumbList","@id":"https:\/\/www.shamaretreats.com\/es\/yoga-online-y-terapias-presenciales\/#breadcrumb","itemListElement":[{"@type":"ListItem","position":1,"name":"Portada","item":"https:\/\/www.shamaretreats.com\/es\/yoga-and-meditation-retreats-in-spain-es-elem\/"},{"@type":"ListItem","position":2,"name":"Clases y Terapias"}]},{"@type":"WebSite","@id":"https:\/\/www.shamaretreats.com\/es\/#website","url":"https:\/\/www.shamaretreats.com\/es\/","name":"Shama Retreats","description":"Yoga and Meditation retreats","potentialAction":[{"@type":"SearchAction","target":{"@type":"EntryPoint","urlTemplate":"https:\/\/www.shamaretreats.com\/es\/?s={search_term_string}"},"query-input":{"@type":"PropertyValueSpecification","valueRequired":true,"valueName":"search_term_string"}}],"inLanguage":"es"}]}},"_links":{"self":[{"href":"https:\/\/www.shamaretreats.com\/es\/wp-json\/wp\/v2\/pages\/1248","targetHints":{"allow":["GET"]}}],"collection":[{"href":"https:\/\/www.shamaretreats.com\/es\/wp-json\/wp\/v2\/pages"}],"about":[{"href":"https:\/\/www.shamaretreats.com\/es\/wp-json\/wp\/v2\/types\/page"}],"author":[{"embeddable":true,"href":"https:\/\/www.shamaretreats.com\/es\/wp-json\/wp\/v2\/users\/1"}],"replies":[{"embeddable":true,"href":"https:\/\/www.shamaretreats.com\/es\/wp-json\/wp\/v2\/comments?post=1248"}],"version-history":[{"count":182,"href":"https:\/\/www.shamaretreats.com\/es\/wp-json\/wp\/v2\/pages\/1248\/revisions"}],"predecessor-version":[{"id":23825,"href":"https:\/\/www.shamaretreats.com\/es\/wp-json\/wp\/v2\/pages\/1248\/revisions\/23825"}],"wp:featuredmedia":[{"embeddable":true,"href":"https:\/\/www.shamaretreats.com\/es\/wp-json\/wp\/v2\/media\/5963"}],"wp:attachment":[{"href":"https:\/\/www.shamaretreats.com\/es\/wp-json\/wp\/v2\/media?parent=1248"}],"curies":[{"name":"wp","href":"https:\/\/api.w.org\/{rel}","templated":true}]}}